






{"id":155,"date":"2024-04-10T23:27:18","date_gmt":"2024-04-10T23:27:18","guid":{"rendered":"https:\/\/edutrade.vn\/?page_id=155"},"modified":"2024-07-23T16:18:11","modified_gmt":"2024-07-23T09:18:11","slug":"gio-hang","status":"publish","type":"page","link":"https:\/\/edutrade.vn\/en\/gio-hang\/","title":{"rendered":"Gi\u1ecf h\u00e0ng"},"content":{"rendered":"<div data-block-name=\"woocommerce\/cart\" class=\"wp-block-woocommerce-cart alignwide is-loading\"><div data-block-name=\"woocommerce\/filled-cart-block\" class=\"wp-block-woocommerce-filled-cart-block\"><div data-block-name=\"woocommerce\/cart-items-block\" class=\"wp-block-woocommerce-cart-items-block\"><div data-block-name=\"woocommerce\/cart-line-items-block\" class=\"wp-block-woocommerce-cart-line-items-block\"><\/div>\n\n<div data-block-name=\"woocommerce\/cart-cross-sells-block\" class=\"wp-block-woocommerce-cart-cross-sells-block\"><h2 class=\"wp-block-heading has-large-font-size\">You may be interested in\u2026<\/h2>\n\n<div data-block-name=\"woocommerce\/cart-cross-sells-products-block\" class=\"wp-block-woocommerce-cart-cross-sells-products-block\"><\/div><\/div><\/div>\n\n<div data-block-name=\"woocommerce\/cart-totals-block\" class=\"wp-block-woocommerce-cart-totals-block\"><div data-block-name=\"woocommerce\/cart-order-summary-block\" class=\"wp-block-woocommerce-cart-order-summary-block\"><div data-block-name=\"woocommerce\/cart-order-summary-heading-block\" class=\"wp-block-woocommerce-cart-order-summary-heading-block\"><\/div><div data-block-name=\"woocommerce\/cart-order-summary-coupon-form-block\" class=\"wp-block-woocommerce-cart-order-summary-coupon-form-block\"><\/div><div data-block-name=\"woocommerce\/cart-order-summary-totals-block\" class=\"wp-block-woocommerce-cart-order-summary-totals-block\">\n<div data-block-name=\"woocommerce\/cart-order-summary-subtotal-block\" class=\"wp-block-woocommerce-cart-order-summary-subtotal-block\"><\/div>\n<div data-block-name=\"woocommerce\/cart-order-summary-discount-block\" class=\"wp-block-woocommerce-cart-order-summary-discount-block\"><\/div>\n<div data-block-name=\"woocommerce\/cart-order-summary-fee-block\" class=\"wp-block-woocommerce-cart-order-summary-fee-block\"><\/div>\n<div data-block-name=\"woocommerce\/cart-order-summary-shipping-block\" class=\"wp-block-woocommerce-cart-order-summary-shipping-block\"><\/div>\n<div data-block-name=\"woocommerce\/cart-order-summary-taxes-block\" class=\"wp-block-woocommerce-cart-order-summary-taxes-block\"><\/div><\/div><\/div>\n\n<div data-block-name=\"woocommerce\/cart-express-payment-block\" class=\"wp-block-woocommerce-cart-express-payment-block\"><\/div>\n\n<div data-block-name=\"woocommerce\/proceed-to-checkout-block\" class=\"wp-block-woocommerce-proceed-to-checkout-block\"><\/div>\n\n<div data-block-name=\"woocommerce\/cart-accepted-payment-methods-block\" class=\"wp-block-woocommerce-cart-accepted-payment-methods-block\"><\/div><\/div><\/div>\n\n<div data-block-name=\"woocommerce\/empty-cart-block\" class=\"wp-block-woocommerce-empty-cart-block\"><h2 class=\"wp-block-heading has-text-align-center with-empty-cart-icon wc-block-cart__empty-cart__title\">Gi\u1ecf h\u00e0ng hi\u1ec7n t\u1ea1i ch\u01b0a c\u00f3 s\u1ea3n ph\u1ea9m n\u00e0o!<\/h2>\n\n<hr class=\"wp-block-separator has-alpha-channel-opacity is-style-dots\"\/>\n\n<h2 class=\"wp-block-heading has-text-align-center\">New in store<\/h2>\n\n<div data-block-name=\"woocommerce\/product-new\" data-columns=\"4\" data-rows=\"1\" class=\"wc-block-grid wp-block-product-new wp-block-woocommerce-product-new wc-block-product-new has-4-columns\"><ul class=\"wc-block-grid__products\"><li class=\"wc-block-grid__product\">\n\t\t\t\t<a href=\"https:\/\/edutrade.vn\/en\/product\/dong-nano-cp2co-acm\/\" class=\"wc-block-grid__product-link\">\n\t\t\t\t\t\n\t\t\t\t\t<div class=\"wc-block-grid__product-image\"><img fetchpriority=\"high\" decoding=\"async\" width=\"300\" height=\"300\" src=\"https:\/\/edutrade.vn\/wp-content\/uploads\/2024\/09\/4-8-300x300.jpg\" class=\"attachment-woocommerce_thumbnail size-woocommerce_thumbnail\" alt=\"Gi\u00e1 \u0110\u1ed3ng T\u0103ng M\u1ea1nh Nh\u1edd G\u00f3i Ch\u00ednh S\u00e1ch M\u1edbi C\u1ee7a Pboc\" srcset=\"https:\/\/edutrade.vn\/wp-content\/uploads\/2024\/09\/4-8-300x300.jpg 300w, https:\/\/edutrade.vn\/wp-content\/uploads\/2024\/09\/4-8-100x100.jpg 100w, https:\/\/edutrade.vn\/wp-content\/uploads\/2024\/09\/4-8-75x75.jpg 75w, https:\/\/edutrade.vn\/wp-content\/uploads\/2024\/09\/4-8-350x350.jpg 350w\" sizes=\"(max-width: 300px) 100vw, 300px\" \/><\/div>\n\t\t\t\t\t<div class=\"wc-block-grid__product-title\">NANO COPPER (CP2CO - ACM)<\/div>\n\t\t\t\t<\/a>\n\t\t\t\t<div class=\"wc-block-grid__product-price price\"><\/div>\n\t\t\t\t\n\t\t\t\t<div class=\"wp-block-button wc-block-grid__product-add-to-cart\"><a href=\"https:\/\/edutrade.vn\/en\/product\/dong-nano-cp2co-acm\/\" aria-label=\"Read more about \u201c\u0110\u1ed2NG NANO ( CP2CO - ACM )\u201d\" data-quantity=\"1\" data-product_id=\"30020\" data-product_sku=\"\" data-price=\"0\" rel=\"nofollow\" class=\"wp-block-button__link  add_to_cart_button\" data-no-translation=\"\" data-trp-gettext=\"\" data-no-translation-aria-label=\"\">Read more<\/a><\/div>\n\t\t\t<\/li><li class=\"wc-block-grid__product\">\n\t\t\t\t<a href=\"https:\/\/edutrade.vn\/en\/product\/bac-nano-si5co-acm\/\" class=\"wc-block-grid__product-link\">\n\t\t\t\t\t\n\t\t\t\t\t<div class=\"wc-block-grid__product-image\"><img decoding=\"async\" width=\"300\" height=\"300\" src=\"https:\/\/edutrade.vn\/wp-content\/uploads\/2024\/10\/1151-300x300.jpg\" class=\"attachment-woocommerce_thumbnail size-woocommerce_thumbnail\" alt=\"Gi\u00e1 B\u1ea1c \u0110\u1ea1t M\u1ee9c Cao Nh\u1ea5t Trong 12 N\u0103m\" srcset=\"https:\/\/edutrade.vn\/wp-content\/uploads\/2024\/10\/1151-300x300.jpg 300w, https:\/\/edutrade.vn\/wp-content\/uploads\/2024\/10\/1151-100x100.jpg 100w, https:\/\/edutrade.vn\/wp-content\/uploads\/2024\/10\/1151-75x75.jpg 75w, https:\/\/edutrade.vn\/wp-content\/uploads\/2024\/10\/1151-350x350.jpg 350w\" sizes=\"(max-width: 300px) 100vw, 300px\" \/><\/div>\n\t\t\t\t\t<div class=\"wc-block-grid__product-title\">NANO SILVER (SI5CO - ACM)<\/div>\n\t\t\t\t<\/a>\n\t\t\t\t<div class=\"wc-block-grid__product-price price\"><\/div>\n\t\t\t\t\n\t\t\t\t<div class=\"wp-block-button wc-block-grid__product-add-to-cart\"><a href=\"https:\/\/edutrade.vn\/en\/product\/bac-nano-si5co-acm\/\" aria-label=\"Read more about \u201cB\u1ea0C NANO ( SI5CO - ACM )\u201d\" data-quantity=\"1\" data-product_id=\"30015\" data-product_sku=\"\" data-price=\"0\" rel=\"nofollow\" class=\"wp-block-button__link  add_to_cart_button\" data-no-translation=\"\" data-trp-gettext=\"\" data-no-translation-aria-label=\"\">Read more<\/a><\/div>\n\t\t\t<\/li><li class=\"wc-block-grid__product\">\n\t\t\t\t<a href=\"https:\/\/edutrade.vn\/en\/product\/bach-kim-nano-pl1ny-acm\/\" class=\"wc-block-grid__product-link\">\n\t\t\t\t\t\n\t\t\t\t\t<div class=\"wc-block-grid__product-image\"><img decoding=\"async\" width=\"300\" height=\"300\" src=\"https:\/\/edutrade.vn\/wp-content\/uploads\/2024\/09\/4-7-300x300.jpg\" class=\"attachment-woocommerce_thumbnail size-woocommerce_thumbnail\" alt=\"B\u1ea1ch Kim L\u00e0 M\u1eb7t H\u00e0ng \u0110\u01b0\u1ee3c Giao D\u1ecbch Nhi\u1ec1u Nh\u1ea5t T\u1ea1i Vi\u1ec7t Nam Trong Qu\u00fd III\" srcset=\"https:\/\/edutrade.vn\/wp-content\/uploads\/2024\/09\/4-7-300x300.jpg 300w, https:\/\/edutrade.vn\/wp-content\/uploads\/2024\/09\/4-7-100x100.jpg 100w, https:\/\/edutrade.vn\/wp-content\/uploads\/2024\/09\/4-7-75x75.jpg 75w, https:\/\/edutrade.vn\/wp-content\/uploads\/2024\/09\/4-7-350x350.jpg 350w\" sizes=\"(max-width: 300px) 100vw, 300px\" \/><\/div>\n\t\t\t\t\t<div class=\"wc-block-grid__product-title\">PLATINUM NANO (PL1NY-ACM)<\/div>\n\t\t\t\t<\/a>\n\t\t\t\t<div class=\"wc-block-grid__product-price price\"><\/div>\n\t\t\t\t\n\t\t\t\t<div class=\"wp-block-button wc-block-grid__product-add-to-cart\"><a href=\"https:\/\/edutrade.vn\/en\/product\/bach-kim-nano-pl1ny-acm\/\" aria-label=\"Read more about \u201cB\u1ea0CH KIM NANO ( PL1NY- ACM )\u201d\" data-quantity=\"1\" data-product_id=\"30013\" data-product_sku=\"\" data-price=\"0\" rel=\"nofollow\" class=\"wp-block-button__link  add_to_cart_button\" data-no-translation=\"\" data-trp-gettext=\"\" data-no-translation-aria-label=\"\">Read more<\/a><\/div>\n\t\t\t<\/li><li class=\"wc-block-grid__product\">\n\t\t\t\t<a href=\"https:\/\/edutrade.vn\/en\/product\/kem-lme\/\" class=\"wc-block-grid__product-link\">\n\t\t\t\t\t\n\t\t\t\t\t<div class=\"wc-block-grid__product-image\"><img loading=\"lazy\" decoding=\"async\" width=\"300\" height=\"300\" src=\"https:\/\/edutrade.vn\/wp-content\/uploads\/2024\/07\/796-2-300x300.jpg\" class=\"attachment-woocommerce_thumbnail size-woocommerce_thumbnail\" alt=\"K\u1ebcM (LME)\" srcset=\"https:\/\/edutrade.vn\/wp-content\/uploads\/2024\/07\/796-2-300x300.jpg 300w, https:\/\/edutrade.vn\/wp-content\/uploads\/2024\/07\/796-2-100x100.jpg 100w, https:\/\/edutrade.vn\/wp-content\/uploads\/2024\/07\/796-2-75x75.jpg 75w, https:\/\/edutrade.vn\/wp-content\/uploads\/2024\/07\/796-2-350x350.jpg 350w\" sizes=\"(max-width: 300px) 100vw, 300px\" \/><\/div>\n\t\t\t\t\t<div class=\"wc-block-grid__product-title\">ZINC (LZHZ\/ZDS \u2013 LME )<\/div>\n\t\t\t\t<\/a>\n\t\t\t\t<div class=\"wc-block-grid__product-price price\"><\/div>\n\t\t\t\t\n\t\t\t\t<div class=\"wp-block-button wc-block-grid__product-add-to-cart\"><a href=\"https:\/\/edutrade.vn\/en\/product\/kem-lme\/\" aria-label=\"Read more about \u201cK\u1ebcM (LZHZ\/ZDS \u2013 LME )\u201d\" data-quantity=\"1\" data-product_id=\"21699\" data-product_sku=\"\" data-price=\"0\" rel=\"nofollow\" class=\"wp-block-button__link  add_to_cart_button\" data-no-translation=\"\" data-trp-gettext=\"\" data-no-translation-aria-label=\"\">Read more<\/a><\/div>\n\t\t\t<\/li><\/ul><\/div><\/div><\/div>","protected":false},"excerpt":{"rendered":"","protected":false},"author":1,"featured_media":0,"parent":0,"menu_order":46,"comment_status":"closed","ping_status":"closed","template":"","meta":{"_acf_changed":false,"jnews_page_loop":[],"jnews_single_page":[],"footnotes":""},"class_list":["post-155","page","type-page","status-publish","hentry"],"acf":[],"_links":{"self":[{"href":"https:\/\/edutrade.vn\/en\/wp-json\/wp\/v2\/pages\/155","targetHints":{"allow":["GET"]}}],"collection":[{"href":"https:\/\/edutrade.vn\/en\/wp-json\/wp\/v2\/pages"}],"about":[{"href":"https:\/\/edutrade.vn\/en\/wp-json\/wp\/v2\/types\/page"}],"author":[{"embeddable":true,"href":"https:\/\/edutrade.vn\/en\/wp-json\/wp\/v2\/users\/1"}],"replies":[{"embeddable":true,"href":"https:\/\/edutrade.vn\/en\/wp-json\/wp\/v2\/comments?post=155"}],"version-history":[{"count":0,"href":"https:\/\/edutrade.vn\/en\/wp-json\/wp\/v2\/pages\/155\/revisions"}],"wp:attachment":[{"href":"https:\/\/edutrade.vn\/en\/wp-json\/wp\/v2\/media?parent=155"}],"curies":[{"name":"wp","href":"https:\/\/api.w.org\/{rel}","templated":true}]}}