






{"id":193,"date":"2024-04-11T08:08:21","date_gmt":"2024-04-11T01:08:21","guid":{"rendered":"https:\/\/edutrade.vn\/?page_id=193"},"modified":"2026-03-04T10:13:11","modified_gmt":"2026-03-04T03:13:11","slug":"mang-luoi-chi-nhanh","status":"publish","type":"page","link":"https:\/\/edutrade.vn\/en\/mang-luoi-chi-nhanh\/","title":{"rendered":"Branch network"},"content":{"rendered":"<div data-elementor-type=\"wp-page\" data-elementor-id=\"193\" class=\"elementor elementor-193\" data-elementor-settings=\"{&quot;element_pack_global_tooltip_width&quot;:{&quot;unit&quot;:&quot;px&quot;,&quot;size&quot;:&quot;&quot;,&quot;sizes&quot;:[]},&quot;element_pack_global_tooltip_width_tablet&quot;:{&quot;unit&quot;:&quot;px&quot;,&quot;size&quot;:&quot;&quot;,&quot;sizes&quot;:[]},&quot;element_pack_global_tooltip_width_mobile&quot;:{&quot;unit&quot;:&quot;px&quot;,&quot;size&quot;:&quot;&quot;,&quot;sizes&quot;:[]},&quot;element_pack_global_tooltip_padding&quot;:{&quot;unit&quot;:&quot;px&quot;,&quot;top&quot;:&quot;&quot;,&quot;right&quot;:&quot;&quot;,&quot;bottom&quot;:&quot;&quot;,&quot;left&quot;:&quot;&quot;,&quot;isLinked&quot;:true},&quot;element_pack_global_tooltip_padding_tablet&quot;:{&quot;unit&quot;:&quot;px&quot;,&quot;top&quot;:&quot;&quot;,&quot;right&quot;:&quot;&quot;,&quot;bottom&quot;:&quot;&quot;,&quot;left&quot;:&quot;&quot;,&quot;isLinked&quot;:true},&quot;element_pack_global_tooltip_padding_mobile&quot;:{&quot;unit&quot;:&quot;px&quot;,&quot;top&quot;:&quot;&quot;,&quot;right&quot;:&quot;&quot;,&quot;bottom&quot;:&quot;&quot;,&quot;left&quot;:&quot;&quot;,&quot;isLinked&quot;:true},&quot;element_pack_global_tooltip_border_radius&quot;:{&quot;unit&quot;:&quot;px&quot;,&quot;top&quot;:&quot;&quot;,&quot;right&quot;:&quot;&quot;,&quot;bottom&quot;:&quot;&quot;,&quot;left&quot;:&quot;&quot;,&quot;isLinked&quot;:true},&quot;element_pack_global_tooltip_border_radius_tablet&quot;:{&quot;unit&quot;:&quot;px&quot;,&quot;top&quot;:&quot;&quot;,&quot;right&quot;:&quot;&quot;,&quot;bottom&quot;:&quot;&quot;,&quot;left&quot;:&quot;&quot;,&quot;isLinked&quot;:true},&quot;element_pack_global_tooltip_border_radius_mobile&quot;:{&quot;unit&quot;:&quot;px&quot;,&quot;top&quot;:&quot;&quot;,&quot;right&quot;:&quot;&quot;,&quot;bottom&quot;:&quot;&quot;,&quot;left&quot;:&quot;&quot;,&quot;isLinked&quot;:true}}\" data-elementor-post-type=\"page\">\n\t\t\t\t<div data-particle_enable=\"false\" data-particle-mobile-disabled=\"false\" class=\"elementor-element elementor-element-31a76c1d e-con-full e-flex e-con e-parent\" data-id=\"31a76c1d\" data-element_type=\"container\" data-e-type=\"container\" data-settings=\"{&quot;background_background&quot;:&quot;classic&quot;}\">\n\t\t\t\t<div class=\"elementor-element elementor-element-69caf1aa animated-slow elementor-invisible elementor-widget elementor-widget-heading\" data-id=\"69caf1aa\" data-element_type=\"widget\" data-e-type=\"widget\" data-settings=\"{&quot;_animation&quot;:&quot;slideInUp&quot;}\" data-widget_type=\"heading.default\">\n\t\t\t\t<div class=\"elementor-widget-container\">\n\t\t\t\t\t<h2 class=\"elementor-heading-title elementor-size-default\">\u0110ANG C\u1eacP NH\u1eacT...<\/h2>\t\t\t\t<\/div>\n\t\t\t\t<\/div>\n\t\t\t\t<\/div>\n\t\t<div data-particle_enable=\"false\" data-particle-mobile-disabled=\"false\" class=\"elementor-element elementor-element-124b9de5 elementor-hidden-desktop elementor-hidden-tablet elementor-hidden-mobile e-flex e-con-boxed e-con e-parent\" data-id=\"124b9de5\" data-element_type=\"container\" data-e-type=\"container\">\n\t\t\t\t\t<div class=\"e-con-inner\">\n\t\t\t\t<div class=\"elementor-element elementor-element-1e807df elementor-widget elementor-widget-text-editor\" data-id=\"1e807df\" data-element_type=\"widget\" data-e-type=\"widget\" data-widget_type=\"text-editor.default\">\n\t\t\t\t<div class=\"elementor-widget-container\">\n\t\t\t\t\t\t\t\t\t<p>Ph\u00e2n bi\u1ec7t chi nh\u00e1nh, v\u0103n ph\u00f2ng \u0111\u1ea1i di\u1ec7n v\u00e0 \u0111\u1ecba \u0111i\u1ec3m kinh doanh gi\u00fap b\u1ea1n nh\u1eadn r\u00f5 h\u01a1n s\u1ef1 kh\u00e1c bi\u1ec7t gi\u1eefa 3 lo\u1ea1i h\u00ecnh ph\u1ee5 thu\u1ed9c n\u00e0y. Nh\u1edd \u0111\u00f3, c\u00f3 s\u1ef1 l\u1ef1a ch\u1ecdn h\u1ee3p l\u00fd khi \u0111\u01b0a ra quy\u1ebft \u0111\u1ecbnh th\u00e0nh l\u1eadp.<\/p><p><img fetchpriority=\"high\" decoding=\"async\" class=\"aligncenter wp-image-20961 size-full\" src=\"https:\/\/edutrade.vn\/wp-content\/uploads\/2024\/07\/mangluoichinhanh.jpg\" alt=\"\" width=\"1200\" height=\"630\" srcset=\"https:\/\/edutrade.vn\/wp-content\/uploads\/2024\/07\/mangluoichinhanh.jpg 1200w, https:\/\/edutrade.vn\/wp-content\/uploads\/2024\/07\/mangluoichinhanh-768x403.jpg 768w, https:\/\/edutrade.vn\/wp-content\/uploads\/2024\/07\/mangluoichinhanh-360x189.jpg 360w, https:\/\/edutrade.vn\/wp-content\/uploads\/2024\/07\/mangluoichinhanh-600x315.jpg 600w, https:\/\/edutrade.vn\/wp-content\/uploads\/2024\/07\/mangluoichinhanh-750x394.jpg 750w, https:\/\/edutrade.vn\/wp-content\/uploads\/2024\/07\/mangluoichinhanh-1140x599.jpg 1140w\" sizes=\"(max-width: 1200px) 100vw, 1200px\" \/><\/p><h3>Kh\u00e1i ni\u1ec7m v\u1ec1 3 lo\u1ea1i h\u00ecnh<\/h3><p><span style=\"font-size: 12pt;\">Chi nh\u00e1nh l\u00e0 \u0111\u01a1n v\u1ecb ph\u1ee5 thu\u1ed9c c\u1ee7a doanh nghi\u1ec7p, c\u00f3 nhi\u1ec7m v\u1ee5 th\u1ef1c hi\u1ec7n to\u00e0n b\u1ed9 ho\u1eb7c m\u1ed9t ph\u1ea7n ch\u1ee9c n\u0103ng c\u1ee7a doanh nghi\u1ec7p k\u1ec3 c\u1ea3 ch\u1ee9c n\u0103ng \u0111\u1ea1i di\u1ec7n theo \u1ee7y quy\u1ec1n. Ng\u00e0nh, ngh\u1ec1 kinh doanh c\u1ee7a chi nh\u00e1nh ph\u1ea3i \u0111\u00fang v\u1edbi ng\u00e0nh, ngh\u1ec1 kinh doanh c\u1ee7a doanh nghi\u1ec7p<\/span><\/p><p><span style=\"font-size: 12pt;\">V\u0103n ph\u00f2ng \u0111\u1ea1i di\u1ec7n l\u00e0 \u0111\u01a1n v\u1ecb ph\u1ee5 thu\u1ed9c c\u1ee7a doanh nghi\u1ec7p, c\u00f3 nhi\u1ec7m v\u1ee5 \u0111\u1ea1i di\u1ec7n theo \u1ee7y quy\u1ec1n cho l\u1ee3i \u00edch c\u1ee7a doanh nghi\u1ec7p v\u00e0 b\u1ea3o v\u1ec7 c\u00e1c l\u1ee3i \u00edch \u0111\u00f3.<\/span><\/p><p><span style=\"font-size: 12pt;\">\u0110\u1ecba \u0111i\u1ec3m kinh doanh l\u00e0 n\u01a1i m\u00e0 doanh nghi\u1ec7p ti\u1ebfn h\u00e0nh ho\u1ea1t \u0111\u1ed9ng kinh doanh c\u1ee5 th\u1ec3; l\u00e0 c\u01a1 s\u1edf c\u1ed1 \u0111\u1ecbnh \u0111\u1ec3 ti\u1ebfn h\u00e0nh ho\u1ea1t \u0111\u1ed9ng kinh doanh, kh\u00f4ng bao g\u1ed3m c\u01a1 s\u1edf cung c\u1ea5p t\u1ea1m th\u1eddi h\u00e0ng h\u00f3a hay d\u1ecbch v\u1ee5.<\/span><\/p><p><img decoding=\"async\" class=\"aligncenter wp-image-20962 size-full\" src=\"https:\/\/edutrade.vn\/wp-content\/uploads\/2024\/07\/mangluoichinhanh2.jpg\" alt=\"\" width=\"1200\" height=\"630\" srcset=\"https:\/\/edutrade.vn\/wp-content\/uploads\/2024\/07\/mangluoichinhanh2.jpg 1200w, https:\/\/edutrade.vn\/wp-content\/uploads\/2024\/07\/mangluoichinhanh2-768x403.jpg 768w, https:\/\/edutrade.vn\/wp-content\/uploads\/2024\/07\/mangluoichinhanh2-360x189.jpg 360w, https:\/\/edutrade.vn\/wp-content\/uploads\/2024\/07\/mangluoichinhanh2-600x315.jpg 600w, https:\/\/edutrade.vn\/wp-content\/uploads\/2024\/07\/mangluoichinhanh2-750x394.jpg 750w, https:\/\/edutrade.vn\/wp-content\/uploads\/2024\/07\/mangluoichinhanh2-1140x599.jpg 1140w\" sizes=\"(max-width: 1200px) 100vw, 1200px\" \/><\/p>\t\t\t\t\t\t\t\t<\/div>\n\t\t\t\t<\/div>\n\t\t\t\t\t<\/div>\n\t\t\t\t<\/div>\n\t\t\t\t<\/div>","protected":false},"excerpt":{"rendered":"<p>\u0110ANG C\u1eacP NH\u1eacT&#8230; Ph\u00e2n bi\u1ec7t chi nh\u00e1nh, v\u0103n ph\u00f2ng \u0111\u1ea1i di\u1ec7n v\u00e0 \u0111\u1ecba \u0111i\u1ec3m kinh doanh gi\u00fap b\u1ea1n nh\u1eadn r\u00f5 h\u01a1n s\u1ef1 kh\u00e1c bi\u1ec7t gi\u1eefa 3 lo\u1ea1i h\u00ecnh ph\u1ee5 thu\u1ed9c n\u00e0y. Nh\u1edd \u0111\u00f3, c\u00f3 s\u1ef1 l\u1ef1a ch\u1ecdn h\u1ee3p l\u00fd khi \u0111\u01b0a ra quy\u1ebft \u0111\u1ecbnh th\u00e0nh l\u1eadp. Kh\u00e1i ni\u1ec7m v\u1ec1 3 lo\u1ea1i h\u00ecnh Chi nh\u00e1nh l\u00e0 [&hellip;]<\/p>","protected":false},"author":1,"featured_media":0,"parent":0,"menu_order":45,"comment_status":"closed","ping_status":"closed","template":"","meta":{"_acf_changed":false,"jnews_page_loop":{"enable_page_loop":"0","first_title":"Latest Post","second_title":"","header_type":"heading_6","header_background":"","header_text_color":"","layout":"right-sidebar","sidebar":"default-sidebar","second_sidebar":"default-sidebar","sticky_sidebar":"1","module":"3","boxed":"0","boxed_shadow":"0","box_shadow":"0","excerpt_length":"20","content_date":"default","date_custom":"Y\/m\/d","content_pagination":"nav_1","pagination_align":"center","show_navtext":"0","show_pageinfo":"0","post_offset":"0","posts_per_page":"5","include_post":"","exclude_post":"","include_category":"","exclude_category":"","include_author":"","include_tag":"","exclude_tag":"","sort_by":"latest","main_custom_image_size":"default","second_custom_image_size":"default","post_sticky":"0"},"jnews_single_page":{"layout":"right-sidebar-narrow","sidebar":"ve-edu-trade","second_sidebar":"default-sidebar","sticky_sidebar":"1","show_post_featured":"1","show_post_meta":"1","share_position":"top","share_color":"share-monocrhome","show_post_title":"1","show_post_breadcrumbs":"1"},"footnotes":""},"class_list":["post-193","page","type-page","status-publish","hentry"],"acf":[],"_links":{"self":[{"href":"https:\/\/edutrade.vn\/en\/wp-json\/wp\/v2\/pages\/193","targetHints":{"allow":["GET"]}}],"collection":[{"href":"https:\/\/edutrade.vn\/en\/wp-json\/wp\/v2\/pages"}],"about":[{"href":"https:\/\/edutrade.vn\/en\/wp-json\/wp\/v2\/types\/page"}],"author":[{"embeddable":true,"href":"https:\/\/edutrade.vn\/en\/wp-json\/wp\/v2\/users\/1"}],"replies":[{"embeddable":true,"href":"https:\/\/edutrade.vn\/en\/wp-json\/wp\/v2\/comments?post=193"}],"version-history":[{"count":1,"href":"https:\/\/edutrade.vn\/en\/wp-json\/wp\/v2\/pages\/193\/revisions"}],"predecessor-version":[{"id":30095,"href":"https:\/\/edutrade.vn\/en\/wp-json\/wp\/v2\/pages\/193\/revisions\/30095"}],"wp:attachment":[{"href":"https:\/\/edutrade.vn\/en\/wp-json\/wp\/v2\/media?parent=193"}],"curies":[{"name":"wp","href":"https:\/\/api.w.org\/{rel}","templated":true}]}}