






{"id":196,"date":"2024-04-11T08:08:38","date_gmt":"2024-04-11T01:08:38","guid":{"rendered":"https:\/\/edutrade.vn\/?page_id=196"},"modified":"2025-12-22T09:56:26","modified_gmt":"2025-12-22T02:56:26","slug":"dieu-le","status":"publish","type":"page","link":"https:\/\/edutrade.vn\/en\/dieu-le\/","title":{"rendered":"Regulations"},"content":{"rendered":"<div data-elementor-type=\"wp-page\" data-elementor-id=\"196\" class=\"elementor elementor-196\" data-elementor-settings=\"{&quot;element_pack_global_tooltip_width&quot;:{&quot;unit&quot;:&quot;px&quot;,&quot;size&quot;:&quot;&quot;,&quot;sizes&quot;:[]},&quot;element_pack_global_tooltip_width_tablet&quot;:{&quot;unit&quot;:&quot;px&quot;,&quot;size&quot;:&quot;&quot;,&quot;sizes&quot;:[]},&quot;element_pack_global_tooltip_width_mobile&quot;:{&quot;unit&quot;:&quot;px&quot;,&quot;size&quot;:&quot;&quot;,&quot;sizes&quot;:[]},&quot;element_pack_global_tooltip_padding&quot;:{&quot;unit&quot;:&quot;px&quot;,&quot;top&quot;:&quot;&quot;,&quot;right&quot;:&quot;&quot;,&quot;bottom&quot;:&quot;&quot;,&quot;left&quot;:&quot;&quot;,&quot;isLinked&quot;:true},&quot;element_pack_global_tooltip_padding_tablet&quot;:{&quot;unit&quot;:&quot;px&quot;,&quot;top&quot;:&quot;&quot;,&quot;right&quot;:&quot;&quot;,&quot;bottom&quot;:&quot;&quot;,&quot;left&quot;:&quot;&quot;,&quot;isLinked&quot;:true},&quot;element_pack_global_tooltip_padding_mobile&quot;:{&quot;unit&quot;:&quot;px&quot;,&quot;top&quot;:&quot;&quot;,&quot;right&quot;:&quot;&quot;,&quot;bottom&quot;:&quot;&quot;,&quot;left&quot;:&quot;&quot;,&quot;isLinked&quot;:true},&quot;element_pack_global_tooltip_border_radius&quot;:{&quot;unit&quot;:&quot;px&quot;,&quot;top&quot;:&quot;&quot;,&quot;right&quot;:&quot;&quot;,&quot;bottom&quot;:&quot;&quot;,&quot;left&quot;:&quot;&quot;,&quot;isLinked&quot;:true},&quot;element_pack_global_tooltip_border_radius_tablet&quot;:{&quot;unit&quot;:&quot;px&quot;,&quot;top&quot;:&quot;&quot;,&quot;right&quot;:&quot;&quot;,&quot;bottom&quot;:&quot;&quot;,&quot;left&quot;:&quot;&quot;,&quot;isLinked&quot;:true},&quot;element_pack_global_tooltip_border_radius_mobile&quot;:{&quot;unit&quot;:&quot;px&quot;,&quot;top&quot;:&quot;&quot;,&quot;right&quot;:&quot;&quot;,&quot;bottom&quot;:&quot;&quot;,&quot;left&quot;:&quot;&quot;,&quot;isLinked&quot;:true}}\" data-elementor-post-type=\"page\">\n\t\t\t\t<div data-particle_enable=\"false\" data-particle-mobile-disabled=\"false\" class=\"elementor-element elementor-element-4ef16136 e-flex e-con-boxed e-con e-parent\" data-id=\"4ef16136\" data-element_type=\"container\" data-e-type=\"container\" data-settings=\"{&quot;background_background&quot;:&quot;classic&quot;}\">\n\t\t\t\t\t<div class=\"e-con-inner\">\n\t\t<div data-particle_enable=\"false\" data-particle-mobile-disabled=\"false\" class=\"elementor-element elementor-element-376a37aa e-con-full e-flex e-con e-child\" data-id=\"376a37aa\" data-element_type=\"container\" data-e-type=\"container\" data-settings=\"{&quot;background_background&quot;:&quot;classic&quot;}\">\n\t\t\t\t<div class=\"elementor-element elementor-element-4cee5ea elementor-widget elementor-widget-heading\" data-id=\"4cee5ea\" data-element_type=\"widget\" data-e-type=\"widget\" data-widget_type=\"heading.default\">\n\t\t\t\t<div class=\"elementor-widget-container\">\n\t\t\t\t\t<h2 class=\"elementor-heading-title elementor-size-default\">Regulations<\/h2>\t\t\t\t<\/div>\n\t\t\t\t<\/div>\n\t\t\t\t<div class=\"elementor-element elementor-element-ed04334 elementor-widget elementor-widget-text-editor\" data-id=\"ed04334\" data-element_type=\"widget\" data-e-type=\"widget\" data-widget_type=\"text-editor.default\">\n\t\t\t\t<div class=\"elementor-widget-container\">\n\t\t\t\t\t\t\t\t\t<p>C\u00f4ng ty C\u1ed5 ph\u1ea7n Edu Trade ch\u00ednh th\u1ee9c \u0111i v\u00e0o ho\u1ea1t \u0111\u1ed9ng ng\u00e0y 05\/04\/2021, \u0111\u01b0\u1ee3c S\u1edf Giao d\u1ecbch H\u00e0ng h\u00f3a Vi\u1ec7t Nam ch\u1ee9ng nh\u1eadn l\u00e0 th\u00e0nh vi\u00ean ch\u00ednh th\u1ee9c. Edu Trade mong mu\u1ed1n mang \u0111\u1ebfn cho c\u00e1c nh\u00e0 \u0111\u1ea7u t\u01b0 Vi\u1ec7t Nam m\u1ed9t m\u00f4i tr\u01b0\u1eddng \u0111\u1ea7u t\u01b0 \u1ed5n \u0111\u1ecbnh, l\u1ee3i nhu\u1eadn, ti\u1ec1m n\u0103ng v\u00e0 l\u00e2u b\u1ec1n. M\u1ee5c ti\u00eau c\u1ee7a Edu Trade l\u00e0 gi\u00fap c\u00e1c nh\u00e0 \u0111\u1ea7u t\u01b0 c\u00e1 nh\u00e2n v\u00e0 doanh nghi\u1ec7p c\u00f3 th\u1ec3 ti\u1ebfp c\u1eadn v\u1edbi th\u1ecb tr\u01b0\u1eddng h\u00e0ng h\u00f3a m\u1ed9t c\u00e1ch d\u1ec5 d\u00e0ng v\u00e0 hi\u1ec7u qu\u1ea3.<\/p><p>S\u1edf Giao d\u1ecbch H\u00e0ng h\u00f3a Vi\u1ec7t Nam (MXV) ch\u1ee9ng nh\u1eadn C\u00f4ng ty C\u1ed5 ph\u1ea7n Edu Trade l\u00e0 th\u00e0nh vi\u00ean kinh doanh v\u00e0o ng\u00e0y 22\/03\/2022. MXV l\u00e0 t\u1ed5 ch\u1ee9c \u0111\u1ea7u ti\u00ean th\u1ef1c hi\u1ec7n giao d\u1ecbch h\u00e0ng h\u00f3a m\u1ed9t c\u00e1ch quy m\u00f4, hi\u1ec7n \u0111\u1ea1i, tr\u1edf th\u00e0nh c\u1ed5ng k\u1ebft n\u1ed1i trung gian uy t\u00edn v\u00e0 duy nh\u1ea5t c\u1ee7a th\u1ecb tr\u01b0\u1eddng h\u00e0ng h\u00f3a Vi\u1ec7t Nam ra th\u1ecb tr\u01b0\u1eddng h\u00e0ng h\u00f3a qu\u1ed1c t\u1ebf.<\/p><p>Edu Trade l\u00e0 th\u00e0nh vi\u00ean ch\u00ednh th\u1ee9c c\u1ee7a MXV v\u1edbi c\u00f9ng s\u1ee9 m\u1ec7nh v\u1edbi MXV trong vi\u1ec7c \u0111\u1ea9y m\u1ea1nh ph\u00e1t tri\u1ec3n th\u1ecb tr\u01b0\u1eddng h\u00e0ng h\u00f3a. \u0110i\u1ec1u n\u00e0y mang l\u1ea1i c\u00e1c l\u1ee3i \u00edch sau:<\/p><ul><li>Gi\u00fap cho nh\u00e0 \u0111\u1ea7u t\u01b0 c\u00e1 nh\u00e2n t\u00ecm ki\u1ebfm l\u1ee3i nhu\u1eadn mua b\u00e1n t\u1eeb s\u1ef1 ch\u00eanh l\u1ec7ch gi\u00e1.<\/li><li>Gi\u00fap cho ng\u01b0\u1eddi n\u00f4ng d\u00e2n b\u00e1n \u0111\u01b0\u1ee3c s\u1ea3n ph\u1ea9m gi\u00e1 cao tr\u01b0\u1edbc khi \u0111i v\u00e0o s\u1ea3n xu\u1ea5t.<\/li><li>Gi\u00fap c\u00e1c doanh nghi\u1ec7p ph\u00f2ng v\u1ec7 r\u1ee7i ro bi\u1ebfn \u0111\u1ed9ng gi\u00e1.<\/li><\/ul><p>Edu Trade \u0111ang tr\u00ean ch\u1eb7ng \u0111\u01b0\u1eddng ph\u1ea5n \u0111\u1ea5u tr\u1edf th\u00e0nh m\u1ed9t trong nh\u1eefng \u0111\u01a1n v\u1ecb h\u00e0ng \u0111\u1ea7u Vi\u1ec7t Nam trong vi\u1ec7c cung c\u1ea5p gi\u1ea3i ph\u00e1p \u0111\u1ea7u t\u01b0 v\u00e0 \u0111\u00e0o t\u1ea1o \u0111\u1ea7u t\u01b0 h\u00e0ng h\u00f3a, m\u1edf r\u1ed9ng m\u1ea1ng l\u01b0\u1edbi chi nh\u00e1nh v\u00e0 v\u0103n ph\u00f2ng \u0111\u1ea1i di\u1ec7n kh\u1eafp c\u1ea3 n\u01b0\u1edbc. Edu Trade ph\u00e1t tri\u1ec3n theo h\u01b0\u1edbng \u0111a d\u1ea1ng h\u00f3a c\u00e1c d\u1ecbch v\u1ee5 m\u1edbi v\u1ec1 s\u1ea3n ph\u1ea9m, \u0111\u00e1p \u1ee9ng m\u1ecdi nhu c\u1ea7u c\u1ee7a kh\u00e1ch h\u00e0ng v\u1ec1 ph\u00e1t tri\u1ec3n t\u00e0i ch\u00ednh n\u00f3i chung v\u00e0 \u0111\u1ea7u t\u01b0 h\u00e0ng h\u00f3a n\u00f3i ri\u00eang. Edu Trade c\u0169ng m\u1edf r\u1ed9ng h\u1ec7 sinh th\u00e1i, tr\u1edf th\u00e0nh k\u00eanh \u0111\u1ea7u t\u01b0, k\u00eanh cung c\u1ea5p ki\u1ebfn th\u1ee9c v\u00e0 tin t\u1ee9c t\u1ed5ng h\u1ee3p v\u1ec1 m\u00f4i tr\u01b0\u1eddng h\u00e0ng h\u00f3a ph\u00e1i sinh l\u1edbn m\u1ea1nh t\u1ea1i Vi\u1ec7t Nam.<\/p>\t\t\t\t\t\t\t\t<\/div>\n\t\t\t\t<\/div>\n\t\t\t\t<\/div>\n\t\t<div data-particle_enable=\"false\" data-particle-mobile-disabled=\"false\" class=\"elementor-element elementor-element-2732ba41 e-con-full e-flex e-con e-child\" data-id=\"2732ba41\" data-element_type=\"container\" data-e-type=\"container\">\n\t\t\t\t<div class=\"elementor-element elementor-element-6304f4d elementor-widget elementor-widget-image\" data-id=\"6304f4d\" data-element_type=\"widget\" data-e-type=\"widget\" data-widget_type=\"image.default\">\n\t\t\t\t<div class=\"elementor-widget-container\">\n\t\t\t\t\t\t\t\t\t\t\t\t\t\t\t<img fetchpriority=\"high\" decoding=\"async\" width=\"1000\" height=\"1436\" src=\"https:\/\/edutrade.vn\/wp-content\/uploads\/2024\/06\/Giay-phep-DKKD-lan-05.jpg\" class=\"attachment-full size-full wp-image-12390\" alt=\"\" srcset=\"https:\/\/edutrade.vn\/wp-content\/uploads\/2024\/06\/Giay-phep-DKKD-lan-05.jpg 1000w, https:\/\/edutrade.vn\/wp-content\/uploads\/2024\/06\/Giay-phep-DKKD-lan-05-768x1103.jpg 768w, https:\/\/edutrade.vn\/wp-content\/uploads\/2024\/06\/Giay-phep-DKKD-lan-05-357x512.jpg 357w, https:\/\/edutrade.vn\/wp-content\/uploads\/2024\/06\/Giay-phep-DKKD-lan-05-600x862.jpg 600w, https:\/\/edutrade.vn\/wp-content\/uploads\/2024\/06\/Giay-phep-DKKD-lan-05-750x1077.jpg 750w\" sizes=\"(max-width: 1000px) 100vw, 1000px\" \/>\t\t\t\t\t\t\t\t\t\t\t\t\t\t\t<\/div>\n\t\t\t\t<\/div>\n\t\t\t\t<\/div>\n\t\t\t\t\t<\/div>\n\t\t\t\t<\/div>\n\t\t<div data-particle_enable=\"false\" data-particle-mobile-disabled=\"false\" class=\"elementor-element elementor-element-058ba0d e-flex e-con-boxed e-con e-parent\" data-id=\"058ba0d\" data-element_type=\"container\" data-e-type=\"container\" data-settings=\"{&quot;background_background&quot;:&quot;classic&quot;}\">\n\t\t\t\t\t<div class=\"e-con-inner\">\n\t\t<div data-particle_enable=\"false\" data-particle-mobile-disabled=\"false\" class=\"elementor-element elementor-element-1a838f4 e-con-full e-flex e-con e-child\" data-id=\"1a838f4\" data-element_type=\"container\" data-e-type=\"container\">\n\t\t\t\t<div class=\"elementor-element elementor-element-20930d1 elementor-widget elementor-widget-image\" data-id=\"20930d1\" data-element_type=\"widget\" data-e-type=\"widget\" data-widget_type=\"image.default\">\n\t\t\t\t<div class=\"elementor-widget-container\">\n\t\t\t\t\t\t\t\t\t\t\t\t\t\t\t<img decoding=\"async\" width=\"600\" height=\"630\" src=\"https:\/\/edutrade.vn\/wp-content\/uploads\/2024\/06\/So-do-to-chuc-e1718012951366.png\" class=\"attachment-full size-full wp-image-12391\" alt=\"\" srcset=\"https:\/\/edutrade.vn\/wp-content\/uploads\/2024\/06\/So-do-to-chuc-e1718012951366.png 600w, https:\/\/edutrade.vn\/wp-content\/uploads\/2024\/06\/So-do-to-chuc-e1718012951366-360x378.png 360w\" sizes=\"(max-width: 600px) 100vw, 600px\" \/>\t\t\t\t\t\t\t\t\t\t\t\t\t\t\t<\/div>\n\t\t\t\t<\/div>\n\t\t\t\t<\/div>\n\t\t<div data-particle_enable=\"false\" data-particle-mobile-disabled=\"false\" class=\"elementor-element elementor-element-09806e9 e-con-full e-flex e-con e-child\" data-id=\"09806e9\" data-element_type=\"container\" data-e-type=\"container\" data-settings=\"{&quot;background_background&quot;:&quot;classic&quot;}\">\n\t\t\t\t<div class=\"elementor-element elementor-element-3f8c5c0 elementor-widget elementor-widget-heading\" data-id=\"3f8c5c0\" data-element_type=\"widget\" data-e-type=\"widget\" data-widget_type=\"heading.default\">\n\t\t\t\t<div class=\"elementor-widget-container\">\n\t\t\t\t\t<h2 class=\"elementor-heading-title elementor-size-default\">\u0110i\u1ec3m \u0111\u1ed9c \u0111\u00e1o \u0110i\u1ec1u l\u1ec7 Edu Trade<\/h2>\t\t\t\t<\/div>\n\t\t\t\t<\/div>\n\t\t\t\t<div class=\"elementor-element elementor-element-aefe428 elementor-widget elementor-widget-text-editor\" data-id=\"aefe428\" data-element_type=\"widget\" data-e-type=\"widget\" data-widget_type=\"text-editor.default\">\n\t\t\t\t<div class=\"elementor-widget-container\">\n\t\t\t\t\t\t\t\t\t<p><strong>C\u01a1 c\u1ea5u t\u1ed5 ch\u1ee9c ph\u1ea3n \u00e1nh m\u1ee9c \u0111\u1ed9 chuy\u00ean m\u00f4n h\u00f3a c\u00f4ng vi\u1ec7c.<\/strong><\/p><p>M\u1ee9c \u0111\u1ed9 chuy\u00ean m\u00f4n h\u00f3a c\u00f2n \u0111\u01b0\u1ee3c g\u1ecdi l\u00e0 ph\u00e2n c\u00f4ng lao \u0111\u1ed9ng, m\u1ed7i b\u1ed9 ph\u1eadn ph\u1ee5 tr\u00e1ch chuy\u00ean m\u00f4n ri\u00eang v\u00e0 kh\u00f4ng ch\u1ed3ng ch\u00e9o vi\u1ec7c ra quy\u1ebft \u0111\u1ecbnh ngo\u00e0i ph\u1ea1m vi ph\u1ee5 tr\u00e1ch.<\/p><p>Ng\u01b0\u1eddi h\u01b0\u1edfng l\u1ee3i b\u1edfi c\u01a1 c\u1ea5u t\u1ed5 ch\u1ee9c n\u00e0y ch\u00ednh l\u00e0 kh\u00e1ch h\u00e0ng. Quy tr\u00ecnh ho\u1ea1t \u0111\u1ed9ng th\u00f4ng su\u1ed1t b\u1edfi c\u01a1 c\u1ea5u ph\u00f2ng ban chuy\u00ean m\u00f4n \u0111\u1eb7c th\u00f9 s\u1ebd h\u1ea1n ch\u1ebf t\u00ednh c\u00e1 nh\u00e2n h\u00f3a trong quy tr\u00ecnh \u0111\u1ea7u t\u01b0. T\u1eeb \u0111\u00f3, kh\u00e1ch h\u00e0ng an t\u00e2m v\u1ec1 vi\u1ec7c t\u00e0i kho\u1ea3n \u0111\u01b0\u1ee3c ch\u0103m s\u00f3c v\u00e0 qu\u1ea3n l\u00fd b\u1edfi c\u00e1c chuy\u00ean gia.<\/p><p><strong>Tr\u00edch 10% doanh thu h\u00e0ng n\u0103m cho c\u00e1c ho\u1ea1t \u0111\u1ed9ng thi\u1ec7n nguy\u1ec7n, \u0111\u00f3ng g\u00f3p x\u00e3 h\u1ed9i, x\u00e2y d\u1ef1ng c\u1ed9ng \u0111\u1ed3ng.<\/strong><\/p><p>Edu Trade \u0111ang th\u1ef1c hi\u1ec7n t\u00e2m nguy\u1ec7n ph\u00e1t tri\u1ec3n qu\u1ef9 m\u1edf ng\u00e0y m\u1ed9t l\u1edbn h\u01a1n b\u1eb1ng nh\u1eefng \u0111\u00f3ng g\u00f3p c\u1ee7a nh\u00e0 \u0111\u1ea7u t\u01b0. C\u00e1c nh\u00e0 \u0111\u1ea7u t\u01b0 \u0111\u01b0\u1ee3c h\u01b0\u1edfng l\u1ee3i t\u1eeb c\u00e1c d\u1ecbch v\u1ee5 t\u01b0 v\u1ea5n v\u00e0 \u1ee7y th\u00e1c c\u1ee7a Edu Trade c\u00f3 mong mu\u1ed1n \u0111\u01b0\u1ee3c tr\u00edch m\u1ed9t kho\u1ea3n l\u1ee3i nhu\u1eadn c\u1ed1 \u0111\u1ecbnh h\u00e0ng th\u00e1ng cho qu\u1ef9 thi\u1ec7n nguy\u1ec7n. \u0110\u00e1p l\u1ea1i, Edu Trade c\u00f4ng khai qu\u1ef9 v\u00e0 c\u00e1c ho\u1ea1t \u0111\u1ed9ng, c\u00e1c d\u1ef1 \u00e1n thi\u1ec7n nguy\u1ec7n c\u1ee7a m\u00ecnh. Th\u1ec9nh tho\u1ea3ng, ch\u00fang t\u00f4i c\u0169ng tri \u00e2n nh\u00e0 \u0111\u1ea7u t\u01b0 b\u1eb1ng c\u00e1ch kh\u00f4ng thu ph\u00ed d\u1ecbch v\u1ee5 \u0111\u1ed1i v\u1edbi nh\u1eefng kh\u00e1ch h\u00e0ng tham gia qu\u1ef9 thi\u1ec7n nguy\u1ec7n.<\/p><p>Ho\u1ea1t \u0111\u1ed9ng n\u00e0y \u0111\u01b0\u1ee3c Edu Trade x\u00e1c \u0111\u1ecbnh l\u00e0 g\u00f3p ph\u1ea7n tr\u1ea3 \u01a1n c\u1ed9ng \u0111\u1ed3ng, mong mu\u1ed1n x\u00e3 h\u1ed9i ng\u00e0y c\u00e0ng ph\u00e1t tri\u1ec3n th\u1ecbnh v\u01b0\u1ee3ng h\u01a1n v\u00e0 nh\u00e0 \u0111\u1ea7u t\u01b0 \u0111\u01b0\u1ee3c nhi\u1ec1u l\u1ee3i \u00edch h\u01a1n.<\/p>\t\t\t\t\t\t\t\t<\/div>\n\t\t\t\t<\/div>\n\t\t\t\t<\/div>\n\t\t\t\t\t<\/div>\n\t\t\t\t<\/div>\n\t\t<div data-particle_enable=\"false\" data-particle-mobile-disabled=\"false\" class=\"elementor-element elementor-element-7d758ab e-flex e-con-boxed e-con e-parent\" data-id=\"7d758ab\" data-element_type=\"container\" data-e-type=\"container\" data-settings=\"{&quot;background_background&quot;:&quot;classic&quot;}\">\n\t\t\t\t\t<div class=\"e-con-inner\">\n\t\t<div data-particle_enable=\"false\" data-particle-mobile-disabled=\"false\" class=\"elementor-element elementor-element-fb9290e e-con-full e-flex e-con e-child\" data-id=\"fb9290e\" data-element_type=\"container\" data-e-type=\"container\" data-settings=\"{&quot;background_background&quot;:&quot;classic&quot;}\">\n\t\t\t\t<div class=\"elementor-element elementor-element-fc71cc2 elementor-widget elementor-widget-heading\" data-id=\"fc71cc2\" data-element_type=\"widget\" data-e-type=\"widget\" data-widget_type=\"heading.default\">\n\t\t\t\t<div class=\"elementor-widget-container\">\n\t\t\t\t\t<h2 class=\"elementor-heading-title elementor-size-default\">L\u1ee3i \u00edch c\u1ee7a \u0111\u1ed1i t\u00e1c<\/h2>\t\t\t\t<\/div>\n\t\t\t\t<\/div>\n\t\t\t\t<div class=\"elementor-element elementor-element-3079cfd elementor-widget elementor-widget-text-editor\" data-id=\"3079cfd\" data-element_type=\"widget\" data-e-type=\"widget\" data-widget_type=\"text-editor.default\">\n\t\t\t\t<div class=\"elementor-widget-container\">\n\t\t\t\t\t\t\t\t\t<p>Edu Trade quan ni\u1ec7m r\u1eb1ng m\u1ecdi m\u1ed1i quan h\u1ec7 h\u1ee3p t\u00e1c th\u00e0nh c\u00f4ng \u0111\u1ec1u \u0111\u1ebfn t\u1eeb s\u1ef1 ch\u00e2n th\u00e0nh c\u1ee7a c\u00e1c b\u00ean. Edu Trade d\u00e0nh cho \u0111\u1ed1i t\u00e1c quy\u1ec1n l\u1ee3i v\u00e0 l\u1ee3i \u00edch kh\u00f4ng gi\u1edbi h\u1ea1n v\u1edbi mong mu\u1ed1n \u0111\u01b0\u1ee3c \u0111\u1ed3ng h\u00e0nh l\u00e2u d\u00e0i tr\u00ean con \u0111\u01b0\u1eddng c\u00f9ng nhau chung tay mang ngo\u1ea1i t\u1ec7 v\u1ec1 Vi\u1ec7t Nam.\u00a0<\/p><p>Edu Trade s\u1eb5n s\u00e0ng h\u1ed7 tr\u1ee3 \u0111\u1ed1i t\u00e1c trong vi\u1ec7c \u0111\u00e0o t\u1ea1o, t\u01b0 v\u1ea5n, \u0111\u1ea7u t\u01b0, qu\u1ea3n l\u00fd r\u1ee7i ro v\u00e0 c\u00e1c nghi\u1ec7p v\u1ee5 chuy\u00ean m\u00f4n chuy\u00ean s\u00e2u \u0111\u1ec3 x\u00e2y d\u1ef1ng uy t\u00edn cho \u0111\u1ed1i t\u00e1c.<\/p>\t\t\t\t\t\t\t\t<\/div>\n\t\t\t\t<\/div>\n\t\t\t\t<\/div>\n\t\t<div data-particle_enable=\"false\" data-particle-mobile-disabled=\"false\" class=\"elementor-element elementor-element-0277877 e-con-full e-flex e-con e-child\" data-id=\"0277877\" data-element_type=\"container\" data-e-type=\"container\">\n\t\t\t\t<div class=\"elementor-element elementor-element-8d0d79e elementor-widget elementor-widget-image\" data-id=\"8d0d79e\" data-element_type=\"widget\" data-e-type=\"widget\" data-widget_type=\"image.default\">\n\t\t\t\t<div class=\"elementor-widget-container\">\n\t\t\t\t\t\t\t\t\t\t\t\t\t\t\t<img decoding=\"async\" width=\"800\" height=\"630\" src=\"https:\/\/edutrade.vn\/wp-content\/uploads\/2025\/12\/EDT-Loi-ich-doi-tac-Muc-Dieu-le-cong-ty.jpg\" class=\"attachment-full size-full wp-image-28129\" alt=\"\" srcset=\"https:\/\/edutrade.vn\/wp-content\/uploads\/2025\/12\/EDT-Loi-ich-doi-tac-Muc-Dieu-le-cong-ty.jpg 800w, https:\/\/edutrade.vn\/wp-content\/uploads\/2025\/12\/EDT-Loi-ich-doi-tac-Muc-Dieu-le-cong-ty-768x605.jpg 768w, https:\/\/edutrade.vn\/wp-content\/uploads\/2025\/12\/EDT-Loi-ich-doi-tac-Muc-Dieu-le-cong-ty-600x473.jpg 600w, https:\/\/edutrade.vn\/wp-content\/uploads\/2025\/12\/EDT-Loi-ich-doi-tac-Muc-Dieu-le-cong-ty-750x591.jpg 750w\" sizes=\"(max-width: 800px) 100vw, 800px\" \/>\t\t\t\t\t\t\t\t\t\t\t\t\t\t\t<\/div>\n\t\t\t\t<\/div>\n\t\t\t\t<\/div>\n\t\t\t\t\t<\/div>\n\t\t\t\t<\/div>\n\t\t\t\t<\/div>","protected":false},"excerpt":{"rendered":"<p>\u0110i\u1ec1u l\u1ec7 C\u00f4ng ty C\u1ed5 ph\u1ea7n Edu Trade ch\u00ednh th\u1ee9c \u0111i v\u00e0o ho\u1ea1t \u0111\u1ed9ng ng\u00e0y 05\/04\/2021, \u0111\u01b0\u1ee3c S\u1edf Giao d\u1ecbch H\u00e0ng h\u00f3a Vi\u1ec7t Nam ch\u1ee9ng nh\u1eadn l\u00e0 th\u00e0nh vi\u00ean ch\u00ednh th\u1ee9c. Edu Trade mong mu\u1ed1n mang \u0111\u1ebfn cho c\u00e1c nh\u00e0 \u0111\u1ea7u t\u01b0 Vi\u1ec7t Nam m\u1ed9t m\u00f4i tr\u01b0\u1eddng \u0111\u1ea7u t\u01b0 \u1ed5n \u0111\u1ecbnh, l\u1ee3i nhu\u1eadn, ti\u1ec1m n\u0103ng [&hellip;]<\/p>","protected":false},"author":1,"featured_media":0,"parent":0,"menu_order":31,"comment_status":"closed","ping_status":"closed","template":"","meta":{"_acf_changed":false,"jnews_page_loop":{"enable_page_loop":"0","first_title":"Latest Post","second_title":"","header_type":"heading_6","header_background":"","header_text_color":"","layout":"right-sidebar","sidebar":"default-sidebar","second_sidebar":"default-sidebar","sticky_sidebar":"1","module":"3","boxed":"0","boxed_shadow":"0","box_shadow":"0","excerpt_length":"20","content_date":"default","date_custom":"Y\/m\/d","content_pagination":"nav_1","pagination_align":"center","show_navtext":"0","show_pageinfo":"0","post_offset":"0","posts_per_page":"5","include_post":"","exclude_post":"","include_category":"","exclude_category":"","include_author":"","include_tag":"","exclude_tag":"","sort_by":"latest","main_custom_image_size":"default","second_custom_image_size":"default","post_sticky":"0"},"jnews_single_page":{"layout":"right-sidebar-narrow","sidebar":"ve-edu-trade","second_sidebar":"default-sidebar","sticky_sidebar":"1","show_post_featured":"1","show_post_meta":"0","share_position":"top","share_color":"share-monocrhome","show_post_title":"1","show_post_breadcrumbs":"1"},"footnotes":""},"class_list":["post-196","page","type-page","status-publish","hentry"],"acf":[],"_links":{"self":[{"href":"https:\/\/edutrade.vn\/en\/wp-json\/wp\/v2\/pages\/196","targetHints":{"allow":["GET"]}}],"collection":[{"href":"https:\/\/edutrade.vn\/en\/wp-json\/wp\/v2\/pages"}],"about":[{"href":"https:\/\/edutrade.vn\/en\/wp-json\/wp\/v2\/types\/page"}],"author":[{"embeddable":true,"href":"https:\/\/edutrade.vn\/en\/wp-json\/wp\/v2\/users\/1"}],"replies":[{"embeddable":true,"href":"https:\/\/edutrade.vn\/en\/wp-json\/wp\/v2\/comments?post=196"}],"version-history":[{"count":1,"href":"https:\/\/edutrade.vn\/en\/wp-json\/wp\/v2\/pages\/196\/revisions"}],"predecessor-version":[{"id":29388,"href":"https:\/\/edutrade.vn\/en\/wp-json\/wp\/v2\/pages\/196\/revisions\/29388"}],"wp:attachment":[{"href":"https:\/\/edutrade.vn\/en\/wp-json\/wp\/v2\/media?parent=196"}],"curies":[{"name":"wp","href":"https:\/\/api.w.org\/{rel}","templated":true}]}}