






{"id":2052,"date":"2024-05-16T16:01:57","date_gmt":"2024-05-16T09:01:57","guid":{"rendered":"https:\/\/edutrade.vn\/?page_id=2052"},"modified":"2026-03-04T17:05:16","modified_gmt":"2026-03-04T10:05:16","slug":"bao-cao-dau-tu","status":"publish","type":"page","link":"https:\/\/edutrade.vn\/en\/bao-cao-dau-tu\/","title":{"rendered":"Investment Report"},"content":{"rendered":"<div data-elementor-type=\"wp-page\" data-elementor-id=\"2052\" class=\"elementor elementor-2052\" data-elementor-settings=\"{&quot;element_pack_global_tooltip_width&quot;:{&quot;unit&quot;:&quot;px&quot;,&quot;size&quot;:&quot;&quot;,&quot;sizes&quot;:[]},&quot;element_pack_global_tooltip_width_tablet&quot;:{&quot;unit&quot;:&quot;px&quot;,&quot;size&quot;:&quot;&quot;,&quot;sizes&quot;:[]},&quot;element_pack_global_tooltip_width_mobile&quot;:{&quot;unit&quot;:&quot;px&quot;,&quot;size&quot;:&quot;&quot;,&quot;sizes&quot;:[]},&quot;element_pack_global_tooltip_padding&quot;:{&quot;unit&quot;:&quot;px&quot;,&quot;top&quot;:&quot;&quot;,&quot;right&quot;:&quot;&quot;,&quot;bottom&quot;:&quot;&quot;,&quot;left&quot;:&quot;&quot;,&quot;isLinked&quot;:true},&quot;element_pack_global_tooltip_padding_tablet&quot;:{&quot;unit&quot;:&quot;px&quot;,&quot;top&quot;:&quot;&quot;,&quot;right&quot;:&quot;&quot;,&quot;bottom&quot;:&quot;&quot;,&quot;left&quot;:&quot;&quot;,&quot;isLinked&quot;:true},&quot;element_pack_global_tooltip_padding_mobile&quot;:{&quot;unit&quot;:&quot;px&quot;,&quot;top&quot;:&quot;&quot;,&quot;right&quot;:&quot;&quot;,&quot;bottom&quot;:&quot;&quot;,&quot;left&quot;:&quot;&quot;,&quot;isLinked&quot;:true},&quot;element_pack_global_tooltip_border_radius&quot;:{&quot;unit&quot;:&quot;px&quot;,&quot;top&quot;:&quot;&quot;,&quot;right&quot;:&quot;&quot;,&quot;bottom&quot;:&quot;&quot;,&quot;left&quot;:&quot;&quot;,&quot;isLinked&quot;:true},&quot;element_pack_global_tooltip_border_radius_tablet&quot;:{&quot;unit&quot;:&quot;px&quot;,&quot;top&quot;:&quot;&quot;,&quot;right&quot;:&quot;&quot;,&quot;bottom&quot;:&quot;&quot;,&quot;left&quot;:&quot;&quot;,&quot;isLinked&quot;:true},&quot;element_pack_global_tooltip_border_radius_mobile&quot;:{&quot;unit&quot;:&quot;px&quot;,&quot;top&quot;:&quot;&quot;,&quot;right&quot;:&quot;&quot;,&quot;bottom&quot;:&quot;&quot;,&quot;left&quot;:&quot;&quot;,&quot;isLinked&quot;:true}}\" data-elementor-post-type=\"page\">\n\t\t\t\t<div data-particle_enable=\"false\" data-particle-mobile-disabled=\"false\" class=\"elementor-element elementor-element-9437e9b e-con-full e-flex e-con e-parent\" data-id=\"9437e9b\" data-element_type=\"container\" data-e-type=\"container\" data-settings=\"{&quot;background_background&quot;:&quot;classic&quot;}\">\n\t\t\t\t<div class=\"elementor-element elementor-element-02604f7 elementor-widget elementor-widget-heading\" data-id=\"02604f7\" data-element_type=\"widget\" data-e-type=\"widget\" data-widget_type=\"heading.default\">\n\t\t\t\t<div class=\"elementor-widget-container\">\n\t\t\t\t\t<h2 class=\"elementor-heading-title elementor-size-default\">Investment Report<\/h2>\t\t\t\t<\/div>\n\t\t\t\t<\/div>\n\t\t\t\t<\/div>\n\t\t<div data-particle_enable=\"false\" data-particle-mobile-disabled=\"false\" class=\"elementor-element elementor-element-2850a4f e-flex e-con-boxed e-con e-parent\" data-id=\"2850a4f\" data-element_type=\"container\" data-e-type=\"container\">\n\t\t\t\t\t<div class=\"e-con-inner\">\n\t\t<div data-particle_enable=\"false\" data-particle-mobile-disabled=\"false\" class=\"elementor-element elementor-element-f0d7bf9 e-con-full e-flex e-con e-child\" data-id=\"f0d7bf9\" data-element_type=\"container\" data-e-type=\"container\">\n\t\t<div data-particle_enable=\"false\" data-particle-mobile-disabled=\"false\" class=\"elementor-element elementor-element-17a12aa e-con-full e-flex e-con e-child\" data-id=\"17a12aa\" data-element_type=\"container\" data-e-type=\"container\">\n\t\t<div data-particle_enable=\"false\" data-particle-mobile-disabled=\"false\" class=\"elementor-element elementor-element-2fc775f e-con-full e-flex e-con e-child\" data-id=\"2fc775f\" data-element_type=\"container\" data-e-type=\"container\">\n\t\t\t\t<div class=\"elementor-element elementor-element-2c97b85 elementor-widget elementor-widget-heading\" data-id=\"2c97b85\" data-element_type=\"widget\" data-e-type=\"widget\" data-widget_type=\"heading.default\">\n\t\t\t\t<div class=\"elementor-widget-container\">\n\t\t\t\t\t<h4 class=\"elementor-heading-title elementor-size-default\">B\u00e1o c\u00e1o hi\u1ec7u su\u1ea5t \u0111\u1ea7u t\u01b0 th\u00e1ng 6.2024<\/h4>\t\t\t\t<\/div>\n\t\t\t\t<\/div>\n\t\t\t\t<div class=\"elementor-element elementor-element-7892253 elementor-widget elementor-widget-eael-lightbox\" data-id=\"7892253\" data-element_type=\"widget\" data-e-type=\"widget\" data-widget_type=\"eael-lightbox.default\">\n\t\t\t\t<div class=\"elementor-widget-container\">\n\t\t\t\t\t\n\n\t\t<div data-lightbox-type=\"lightbox_type_url\" data-lightbox-type-url=\"https:\/\/edutrade.vn\/wp-content\/uploads\/2024\/07\/Bao-cao-sao-ke-thang-6.pdf   \" data-lightbox-trigger-pageload=\"1\" data-lightbox-closebtn-color=\"#ffffff\" class=\"eael-lightbox-wrapper\" data-trigger=\"eael_lightbox_trigger_button\" data-lightbox-id=\"lightbox_69e3a2c384718\" data-type=\"iframe\" data-src=\"https:\/\/edutrade.vn\/wp-content\/uploads\/2024\/07\/Bao-cao-sao-ke-thang-6.pdf\" data-iframe-class=\"eael-lightbox-popup-window eael-lightbox-modal-window-7892253\" data-popup-layout=\"eael-lightbox-popup-fullscreen\" data-main-class=\"eael-lightbox-modal-popup-7892253\" data-close_button=\"yes\" data-esc_exit=\"yes\" data-click_exit=\"yes\" data-effect=\"animated \" data-trigger-element=\".eael-modal-popup-link-69e3a2c384718\">\n\t\t\t<div class=\"eael-lightbox-btn\">\n\t\t\t\t<span id=\"btn-eael-lightbox-69e3a2c384718\" class=\"eael-modal-popup-button eael-modal-popup-link eael-modal-popup-link-69e3a2c384718 elementor-button elementor-size-sm\" tabindex=\"0\">Xem b\u00e1o c\u00e1o<\/span>\t\t\t<\/div><!-- close .eael-lightbox-btn -->\n\t\t<\/div>\n\n\t\t<div class=\"eael-lightbox-popup-window eael-lightbox-popup-window-7892253 lightbox_type_url\" id=\"eael-lightbox-window-69e3a2c384718\">\n\t\t\t<div class=\"eael-lightbox-container\">\n\t\t\t\t\n\n\t\t\t<\/div>\n\t\t<\/div>\n\t\t\t\t<\/div>\n\t\t\t\t<\/div>\n\t\t\t\t<\/div>\n\t\t<div data-particle_enable=\"false\" data-particle-mobile-disabled=\"false\" class=\"elementor-element elementor-element-a9713e8 e-con-full e-flex e-con e-child\" data-id=\"a9713e8\" data-element_type=\"container\" data-e-type=\"container\">\n\t\t\t\t<div class=\"elementor-element elementor-element-f607c47 elementor-widget elementor-widget-heading\" data-id=\"f607c47\" data-element_type=\"widget\" data-e-type=\"widget\" data-widget_type=\"heading.default\">\n\t\t\t\t<div class=\"elementor-widget-container\">\n\t\t\t\t\t<h4 class=\"elementor-heading-title elementor-size-default\">B\u00e1o c\u00e1o hi\u1ec7u su\u1ea5t \u0111\u1ea7u t\u01b0 th\u00e1ng 5\/2024<\/h4>\t\t\t\t<\/div>\n\t\t\t\t<\/div>\n\t\t\t\t<div class=\"elementor-element elementor-element-a557ea7 elementor-widget elementor-widget-eael-lightbox\" data-id=\"a557ea7\" data-element_type=\"widget\" data-e-type=\"widget\" data-widget_type=\"eael-lightbox.default\">\n\t\t\t\t<div class=\"elementor-widget-container\">\n\t\t\t\t\t\n\n\t\t<div data-lightbox-type=\"lightbox_type_url\" data-lightbox-type-url=\"https:\/\/edutrade.vn\/wp-content\/uploads\/2024\/07\/Bao-cao-sao-ke-thang-5.pdf   \" data-lightbox-trigger-pageload=\"1\" data-lightbox-closebtn-color=\"#ffffff\" class=\"eael-lightbox-wrapper\" data-trigger=\"eael_lightbox_trigger_button\" data-lightbox-id=\"lightbox_69e3a2c385910\" data-type=\"iframe\" data-src=\"https:\/\/edutrade.vn\/wp-content\/uploads\/2024\/07\/Bao-cao-sao-ke-thang-5.pdf\" data-iframe-class=\"eael-lightbox-popup-window eael-lightbox-modal-window-a557ea7\" data-popup-layout=\"eael-lightbox-popup-fullscreen\" data-main-class=\"eael-lightbox-modal-popup-a557ea7\" data-close_button=\"yes\" data-esc_exit=\"yes\" data-click_exit=\"yes\" data-effect=\"animated \" data-trigger-element=\".eael-modal-popup-link-69e3a2c385910\">\n\t\t\t<div class=\"eael-lightbox-btn\">\n\t\t\t\t<span id=\"btn-eael-lightbox-69e3a2c385910\" class=\"eael-modal-popup-button eael-modal-popup-link eael-modal-popup-link-69e3a2c385910 elementor-button elementor-size-sm\" tabindex=\"0\">Xem b\u00e1o c\u00e1o<\/span>\t\t\t<\/div><!-- close .eael-lightbox-btn -->\n\t\t<\/div>\n\n\t\t<div class=\"eael-lightbox-popup-window eael-lightbox-popup-window-a557ea7 lightbox_type_url\" id=\"eael-lightbox-window-69e3a2c385910\">\n\t\t\t<div class=\"eael-lightbox-container\">\n\t\t\t\t\n\n\t\t\t<\/div>\n\t\t<\/div>\n\t\t\t\t<\/div>\n\t\t\t\t<\/div>\n\t\t\t\t<\/div>\n\t\t<div data-particle_enable=\"false\" data-particle-mobile-disabled=\"false\" class=\"elementor-element elementor-element-0ab2e8c e-con-full e-flex e-con e-child\" data-id=\"0ab2e8c\" data-element_type=\"container\" data-e-type=\"container\">\n\t\t\t\t<div class=\"elementor-element elementor-element-db2fc8c elementor-widget elementor-widget-heading\" data-id=\"db2fc8c\" data-element_type=\"widget\" data-e-type=\"widget\" data-widget_type=\"heading.default\">\n\t\t\t\t<div class=\"elementor-widget-container\">\n\t\t\t\t\t<h4 class=\"elementor-heading-title elementor-size-default\">B\u00e1o c\u00e1o hi\u1ec7u su\u1ea5t \u0111\u1ea7u t\u01b0 th\u00e1ng 4\/2024<\/h4>\t\t\t\t<\/div>\n\t\t\t\t<\/div>\n\t\t\t\t<div class=\"elementor-element elementor-element-6116d00 elementor-widget elementor-widget-eael-lightbox\" data-id=\"6116d00\" data-element_type=\"widget\" data-e-type=\"widget\" data-widget_type=\"eael-lightbox.default\">\n\t\t\t\t<div class=\"elementor-widget-container\">\n\t\t\t\t\t\n\n\t\t<div data-lightbox-type=\"lightbox_type_url\" data-lightbox-type-url=\"https:\/\/edutrade.vn\/wp-content\/uploads\/2024\/07\/Bao-cao-sao-ke-thang-4.pdf   \" data-lightbox-trigger-pageload=\"1\" data-lightbox-closebtn-color=\"#ffffff\" class=\"eael-lightbox-wrapper\" data-trigger=\"eael_lightbox_trigger_button\" data-lightbox-id=\"lightbox_69e3a2c3869c1\" data-type=\"iframe\" data-src=\"https:\/\/edutrade.vn\/wp-content\/uploads\/2024\/07\/Bao-cao-sao-ke-thang-4.pdf\" data-iframe-class=\"eael-lightbox-popup-window eael-lightbox-modal-window-6116d00\" data-popup-layout=\"eael-lightbox-popup-fullscreen\" data-main-class=\"eael-lightbox-modal-popup-6116d00\" data-close_button=\"yes\" data-esc_exit=\"yes\" data-click_exit=\"yes\" data-effect=\"animated \" data-trigger-element=\".eael-modal-popup-link-69e3a2c3869c1\">\n\t\t\t<div class=\"eael-lightbox-btn\">\n\t\t\t\t<span id=\"btn-eael-lightbox-69e3a2c3869c1\" class=\"eael-modal-popup-button eael-modal-popup-link eael-modal-popup-link-69e3a2c3869c1 elementor-button elementor-size-sm\" tabindex=\"0\">Xem b\u00e1o c\u00e1o<\/span>\t\t\t<\/div><!-- close .eael-lightbox-btn -->\n\t\t<\/div>\n\n\t\t<div class=\"eael-lightbox-popup-window eael-lightbox-popup-window-6116d00 lightbox_type_url\" id=\"eael-lightbox-window-69e3a2c3869c1\">\n\t\t\t<div class=\"eael-lightbox-container\">\n\t\t\t\t\n\n\t\t\t<\/div>\n\t\t<\/div>\n\t\t\t\t<\/div>\n\t\t\t\t<\/div>\n\t\t\t\t<\/div>\n\t\t<div data-particle_enable=\"false\" data-particle-mobile-disabled=\"false\" class=\"elementor-element elementor-element-e34892a e-con-full e-flex e-con e-child\" data-id=\"e34892a\" data-element_type=\"container\" data-e-type=\"container\">\n\t\t\t\t<div class=\"elementor-element elementor-element-4cbf33b elementor-widget elementor-widget-heading\" data-id=\"4cbf33b\" data-element_type=\"widget\" data-e-type=\"widget\" data-widget_type=\"heading.default\">\n\t\t\t\t<div class=\"elementor-widget-container\">\n\t\t\t\t\t<h4 class=\"elementor-heading-title elementor-size-default\">B\u00e1o c\u00e1o hi\u1ec7u su\u1ea5t \u0111\u1ea7u t\u01b0 th\u00e1ng 3\/2024<\/h4>\t\t\t\t<\/div>\n\t\t\t\t<\/div>\n\t\t\t\t<div class=\"elementor-element elementor-element-a389f05 elementor-widget elementor-widget-eael-lightbox\" data-id=\"a389f05\" data-element_type=\"widget\" data-e-type=\"widget\" data-widget_type=\"eael-lightbox.default\">\n\t\t\t\t<div class=\"elementor-widget-container\">\n\t\t\t\t\t\n\n\t\t<div data-lightbox-type=\"lightbox_type_url\" data-lightbox-type-url=\"https:\/\/edutrade.vn\/wp-content\/uploads\/2024\/07\/Bao-cao-sao-ke-thang-3.pdf   \" data-lightbox-trigger-pageload=\"1\" data-lightbox-closebtn-color=\"#ffffff\" class=\"eael-lightbox-wrapper\" data-trigger=\"eael_lightbox_trigger_button\" data-lightbox-id=\"lightbox_69e3a2c387a48\" data-type=\"iframe\" data-src=\"https:\/\/edutrade.vn\/wp-content\/uploads\/2024\/07\/Bao-cao-sao-ke-thang-3.pdf\" data-iframe-class=\"eael-lightbox-popup-window eael-lightbox-modal-window-a389f05\" data-popup-layout=\"eael-lightbox-popup-fullscreen\" data-main-class=\"eael-lightbox-modal-popup-a389f05\" data-close_button=\"yes\" data-esc_exit=\"yes\" data-click_exit=\"yes\" data-effect=\"animated \" data-trigger-element=\".eael-modal-popup-link-69e3a2c387a48\">\n\t\t\t<div class=\"eael-lightbox-btn\">\n\t\t\t\t<span id=\"btn-eael-lightbox-69e3a2c387a48\" class=\"eael-modal-popup-button eael-modal-popup-link eael-modal-popup-link-69e3a2c387a48 elementor-button elementor-size-sm\" tabindex=\"0\">Xem b\u00e1o c\u00e1o<\/span>\t\t\t<\/div><!-- close .eael-lightbox-btn -->\n\t\t<\/div>\n\n\t\t<div class=\"eael-lightbox-popup-window eael-lightbox-popup-window-a389f05 lightbox_type_url\" id=\"eael-lightbox-window-69e3a2c387a48\">\n\t\t\t<div class=\"eael-lightbox-container\">\n\t\t\t\t\n\n\t\t\t<\/div>\n\t\t<\/div>\n\t\t\t\t<\/div>\n\t\t\t\t<\/div>\n\t\t\t\t<\/div>\n\t\t<div data-particle_enable=\"false\" data-particle-mobile-disabled=\"false\" class=\"elementor-element elementor-element-096afe3 e-con-full e-flex e-con e-child\" data-id=\"096afe3\" data-element_type=\"container\" data-e-type=\"container\">\n\t\t\t\t<div class=\"elementor-element elementor-element-bd770ff elementor-widget elementor-widget-heading\" data-id=\"bd770ff\" data-element_type=\"widget\" data-e-type=\"widget\" data-widget_type=\"heading.default\">\n\t\t\t\t<div class=\"elementor-widget-container\">\n\t\t\t\t\t<h4 class=\"elementor-heading-title elementor-size-default\">B\u00e1o c\u00e1o hi\u1ec7u su\u1ea5t \u0111\u1ea7u t\u01b0 th\u00e1ng 2\/2024<\/h4>\t\t\t\t<\/div>\n\t\t\t\t<\/div>\n\t\t\t\t<div class=\"elementor-element elementor-element-2f5649b elementor-widget elementor-widget-eael-lightbox\" data-id=\"2f5649b\" data-element_type=\"widget\" data-e-type=\"widget\" data-widget_type=\"eael-lightbox.default\">\n\t\t\t\t<div class=\"elementor-widget-container\">\n\t\t\t\t\t\n\n\t\t<div data-lightbox-type=\"lightbox_type_url\" data-lightbox-type-url=\"https:\/\/edutrade.vn\/wp-content\/uploads\/2024\/07\/Bao-cao-sao-ke-thang-2.pdf   \" data-lightbox-trigger-pageload=\"1\" data-lightbox-closebtn-color=\"#ffffff\" class=\"eael-lightbox-wrapper\" data-trigger=\"eael_lightbox_trigger_button\" data-lightbox-id=\"lightbox_69e3a2c388a80\" data-type=\"iframe\" data-src=\"https:\/\/edutrade.vn\/wp-content\/uploads\/2024\/07\/Bao-cao-sao-ke-thang-2.pdf\" data-iframe-class=\"eael-lightbox-popup-window eael-lightbox-modal-window-2f5649b\" data-popup-layout=\"eael-lightbox-popup-fullscreen\" data-main-class=\"eael-lightbox-modal-popup-2f5649b\" data-close_button=\"yes\" data-esc_exit=\"yes\" data-click_exit=\"yes\" data-effect=\"animated \" data-trigger-element=\".eael-modal-popup-link-69e3a2c388a80\">\n\t\t\t<div class=\"eael-lightbox-btn\">\n\t\t\t\t<span id=\"btn-eael-lightbox-69e3a2c388a80\" class=\"eael-modal-popup-button eael-modal-popup-link eael-modal-popup-link-69e3a2c388a80 elementor-button elementor-size-sm\" tabindex=\"0\">Xem b\u00e1o c\u00e1o<\/span>\t\t\t<\/div><!-- close .eael-lightbox-btn -->\n\t\t<\/div>\n\n\t\t<div class=\"eael-lightbox-popup-window eael-lightbox-popup-window-2f5649b lightbox_type_url\" id=\"eael-lightbox-window-69e3a2c388a80\">\n\t\t\t<div class=\"eael-lightbox-container\">\n\t\t\t\t\n\n\t\t\t<\/div>\n\t\t<\/div>\n\t\t\t\t<\/div>\n\t\t\t\t<\/div>\n\t\t\t\t<\/div>\n\t\t<div data-particle_enable=\"false\" data-particle-mobile-disabled=\"false\" class=\"elementor-element elementor-element-5c941fc e-con-full e-flex e-con e-child\" data-id=\"5c941fc\" data-element_type=\"container\" data-e-type=\"container\">\n\t\t\t\t<div class=\"elementor-element elementor-element-cc8bf39 elementor-widget elementor-widget-heading\" data-id=\"cc8bf39\" data-element_type=\"widget\" data-e-type=\"widget\" data-widget_type=\"heading.default\">\n\t\t\t\t<div class=\"elementor-widget-container\">\n\t\t\t\t\t<h4 class=\"elementor-heading-title elementor-size-default\">B\u00e1o c\u00e1o hi\u1ec7u su\u1ea5t \u0111\u1ea7u t\u01b0 th\u00e1ng 1\/2024<\/h4>\t\t\t\t<\/div>\n\t\t\t\t<\/div>\n\t\t\t\t<div class=\"elementor-element elementor-element-b029d0a elementor-widget elementor-widget-eael-lightbox\" data-id=\"b029d0a\" data-element_type=\"widget\" data-e-type=\"widget\" data-widget_type=\"eael-lightbox.default\">\n\t\t\t\t<div class=\"elementor-widget-container\">\n\t\t\t\t\t\n\n\t\t<div data-lightbox-type=\"lightbox_type_url\" data-lightbox-type-url=\"https:\/\/edutrade.vn\/wp-content\/uploads\/2024\/07\/Bao-cao-sao-ke-thang-1.pdf   \" data-lightbox-trigger-pageload=\"1\" data-lightbox-closebtn-color=\"#ffffff\" class=\"eael-lightbox-wrapper\" data-trigger=\"eael_lightbox_trigger_button\" data-lightbox-id=\"lightbox_69e3a2c389b86\" data-type=\"iframe\" data-src=\"https:\/\/edutrade.vn\/wp-content\/uploads\/2024\/07\/Bao-cao-sao-ke-thang-1.pdf\" data-iframe-class=\"eael-lightbox-popup-window eael-lightbox-modal-window-b029d0a\" data-popup-layout=\"eael-lightbox-popup-fullscreen\" data-main-class=\"eael-lightbox-modal-popup-b029d0a\" data-close_button=\"yes\" data-esc_exit=\"yes\" data-click_exit=\"yes\" data-effect=\"animated \" data-trigger-element=\".eael-modal-popup-link-69e3a2c389b86\">\n\t\t\t<div class=\"eael-lightbox-btn\">\n\t\t\t\t<span id=\"btn-eael-lightbox-69e3a2c389b86\" class=\"eael-modal-popup-button eael-modal-popup-link eael-modal-popup-link-69e3a2c389b86 elementor-button elementor-size-sm\" tabindex=\"0\">Xem b\u00e1o c\u00e1o<\/span>\t\t\t<\/div><!-- close .eael-lightbox-btn -->\n\t\t<\/div>\n\n\t\t<div class=\"eael-lightbox-popup-window eael-lightbox-popup-window-b029d0a lightbox_type_url\" id=\"eael-lightbox-window-69e3a2c389b86\">\n\t\t\t<div class=\"eael-lightbox-container\">\n\t\t\t\t\n\n\t\t\t<\/div>\n\t\t<\/div>\n\t\t\t\t<\/div>\n\t\t\t\t<\/div>\n\t\t\t\t<\/div>\n\t\t\t\t<\/div>\n\t\t\t\t<\/div>\n\t\t<div data-particle_enable=\"false\" data-particle-mobile-disabled=\"false\" class=\"elementor-element elementor-element-4c5deae e-con-full e-flex e-con e-child\" data-id=\"4c5deae\" data-element_type=\"container\" data-e-type=\"container\">\n\t\t\t\t<div class=\"elementor-element elementor-element-53f96ad elementor-widget elementor-widget-sidebar\" data-id=\"53f96ad\" data-element_type=\"widget\" data-e-type=\"widget\" data-widget_type=\"sidebar.default\">\n\t\t\t\t<div class=\"elementor-widget-container\">\n\t\t\t\t\t<div class=\"widget widget_nav_menu\" id=\"nav_menu-11\"><div class=\"jeg_block_heading jeg_block_heading_6 jnews_69e3a2c38aca9\"><h3 class=\"jeg_block_title\"><span>Market Categories<\/span><\/h3><\/div><div class=\"menu-thi-truong-container\"><ul id=\"menu-thi-truong\" class=\"menu\"><li id=\"menu-item-30171\" class=\"menu-item menu-item-type-post_type menu-item-object-page menu-item-30171\"><a href=\"https:\/\/edutrade.vn\/en\/product\/\">Product<\/a><\/li>\n<li id=\"menu-item-30174\" class=\"menu-item menu-item-type-post_type menu-item-object-page menu-item-30174\"><a href=\"https:\/\/edutrade.vn\/en\/thong-tin\/\">Information<\/a><\/li>\n<li id=\"menu-item-30173\" class=\"menu-item menu-item-type-post_type menu-item-object-page current_page_parent menu-item-30173\"><a href=\"https:\/\/edutrade.vn\/en\/ban-tin\/\">News<\/a><\/li>\n<li id=\"menu-item-30172\" class=\"menu-item menu-item-type-post_type menu-item-object-page menu-item-30172\"><a href=\"https:\/\/edutrade.vn\/en\/bao-cao-dau-tu\/\">Investment Report<\/a><\/li>\n<\/ul><\/div><\/div>\t\t\t\t<\/div>\n\t\t\t\t<\/div>\n\t\t\t\t<\/div>\n\t\t\t\t\t<\/div>\n\t\t\t\t<\/div>\n\t\t\t\t<\/div>","protected":false},"excerpt":{"rendered":"<p>B\u00e1o c\u00e1o hi\u1ec7u su\u1ea5t \u0111\u1ea7u t\u01b0 th\u00e1ng 6.2024 Xem b\u00e1o c\u00e1o B\u00e1o c\u00e1o hi\u1ec7u su\u1ea5t \u0111\u1ea7u t\u01b0 th\u00e1ng 5\/2024 Xem b\u00e1o c\u00e1o B\u00e1o c\u00e1o hi\u1ec7u su\u1ea5t \u0111\u1ea7u t\u01b0 th\u00e1ng 4\/2024 Xem b\u00e1o c\u00e1o B\u00e1o c\u00e1o hi\u1ec7u su\u1ea5t \u0111\u1ea7u t\u01b0 th\u00e1ng 3\/2024 Xem b\u00e1o c\u00e1o B\u00e1o c\u00e1o hi\u1ec7u su\u1ea5t \u0111\u1ea7u t\u01b0 th\u00e1ng 2\/2024 Xem b\u00e1o c\u00e1o [&hellip;]<\/p>","protected":false},"author":1,"featured_media":0,"parent":0,"menu_order":24,"comment_status":"closed","ping_status":"closed","template":"elementor_header_footer","meta":{"_acf_changed":false,"jnews_page_loop":{"enable_page_loop":"0","first_title":"Latest Post","second_title":"","header_type":"heading_6","header_background":"","header_text_color":"","layout":"right-sidebar","sidebar":"default-sidebar","second_sidebar":"default-sidebar","sticky_sidebar":"1","module":"3","boxed":"0","boxed_shadow":"0","box_shadow":"0","excerpt_length":"20","content_date":"default","date_custom":"Y\/m\/d","content_pagination":"nav_1","pagination_align":"center","show_navtext":"0","show_pageinfo":"0","post_offset":"0","posts_per_page":"5","include_post":"","exclude_post":"","include_category":"","exclude_category":"","include_author":"","include_tag":"","exclude_tag":"","sort_by":"latest","post_sticky":"0","main_custom_image_size":"default","second_custom_image_size":"default"},"jnews_single_page":{"layout":"no-sidebar","sidebar":"default-sidebar","second_sidebar":"default-sidebar","sticky_sidebar":"1","show_post_featured":"0","show_post_meta":"0","share_position":"top","share_color":"share-monocrhome","show_post_title":"0","show_post_breadcrumbs":"0"},"footnotes":""},"class_list":["post-2052","page","type-page","status-publish","hentry"],"acf":[],"_links":{"self":[{"href":"https:\/\/edutrade.vn\/en\/wp-json\/wp\/v2\/pages\/2052","targetHints":{"allow":["GET"]}}],"collection":[{"href":"https:\/\/edutrade.vn\/en\/wp-json\/wp\/v2\/pages"}],"about":[{"href":"https:\/\/edutrade.vn\/en\/wp-json\/wp\/v2\/types\/page"}],"author":[{"embeddable":true,"href":"https:\/\/edutrade.vn\/en\/wp-json\/wp\/v2\/users\/1"}],"replies":[{"embeddable":true,"href":"https:\/\/edutrade.vn\/en\/wp-json\/wp\/v2\/comments?post=2052"}],"version-history":[{"count":8,"href":"https:\/\/edutrade.vn\/en\/wp-json\/wp\/v2\/pages\/2052\/revisions"}],"predecessor-version":[{"id":30225,"href":"https:\/\/edutrade.vn\/en\/wp-json\/wp\/v2\/pages\/2052\/revisions\/30225"}],"wp:attachment":[{"href":"https:\/\/edutrade.vn\/en\/wp-json\/wp\/v2\/media?parent=2052"}],"curies":[{"name":"wp","href":"https:\/\/api.w.org\/{rel}","templated":true}]}}