






{"id":229,"date":"2024-04-11T08:48:59","date_gmt":"2024-04-11T01:48:59","guid":{"rendered":"https:\/\/edutrade.vn\/?page_id=229"},"modified":"2026-03-04T10:33:06","modified_gmt":"2026-03-04T03:33:06","slug":"doi-tac-kinh-doanh","status":"publish","type":"page","link":"https:\/\/edutrade.vn\/en\/doi-tac-kinh-doanh\/","title":{"rendered":"\u0110\u1ed1i t\u00e1c kinh doanh"},"content":{"rendered":"<div data-elementor-type=\"wp-page\" data-elementor-id=\"229\" class=\"elementor elementor-229\" data-elementor-settings=\"{&quot;element_pack_global_tooltip_width&quot;:{&quot;unit&quot;:&quot;px&quot;,&quot;size&quot;:&quot;&quot;,&quot;sizes&quot;:[]},&quot;element_pack_global_tooltip_width_tablet&quot;:{&quot;unit&quot;:&quot;px&quot;,&quot;size&quot;:&quot;&quot;,&quot;sizes&quot;:[]},&quot;element_pack_global_tooltip_width_mobile&quot;:{&quot;unit&quot;:&quot;px&quot;,&quot;size&quot;:&quot;&quot;,&quot;sizes&quot;:[]},&quot;element_pack_global_tooltip_padding&quot;:{&quot;unit&quot;:&quot;px&quot;,&quot;top&quot;:&quot;&quot;,&quot;right&quot;:&quot;&quot;,&quot;bottom&quot;:&quot;&quot;,&quot;left&quot;:&quot;&quot;,&quot;isLinked&quot;:true},&quot;element_pack_global_tooltip_padding_tablet&quot;:{&quot;unit&quot;:&quot;px&quot;,&quot;top&quot;:&quot;&quot;,&quot;right&quot;:&quot;&quot;,&quot;bottom&quot;:&quot;&quot;,&quot;left&quot;:&quot;&quot;,&quot;isLinked&quot;:true},&quot;element_pack_global_tooltip_padding_mobile&quot;:{&quot;unit&quot;:&quot;px&quot;,&quot;top&quot;:&quot;&quot;,&quot;right&quot;:&quot;&quot;,&quot;bottom&quot;:&quot;&quot;,&quot;left&quot;:&quot;&quot;,&quot;isLinked&quot;:true},&quot;element_pack_global_tooltip_border_radius&quot;:{&quot;unit&quot;:&quot;px&quot;,&quot;top&quot;:&quot;&quot;,&quot;right&quot;:&quot;&quot;,&quot;bottom&quot;:&quot;&quot;,&quot;left&quot;:&quot;&quot;,&quot;isLinked&quot;:true},&quot;element_pack_global_tooltip_border_radius_tablet&quot;:{&quot;unit&quot;:&quot;px&quot;,&quot;top&quot;:&quot;&quot;,&quot;right&quot;:&quot;&quot;,&quot;bottom&quot;:&quot;&quot;,&quot;left&quot;:&quot;&quot;,&quot;isLinked&quot;:true},&quot;element_pack_global_tooltip_border_radius_mobile&quot;:{&quot;unit&quot;:&quot;px&quot;,&quot;top&quot;:&quot;&quot;,&quot;right&quot;:&quot;&quot;,&quot;bottom&quot;:&quot;&quot;,&quot;left&quot;:&quot;&quot;,&quot;isLinked&quot;:true}}\" data-elementor-post-type=\"page\">\n\t\t\t\t<div data-particle_enable=\"false\" data-particle-mobile-disabled=\"false\" class=\"elementor-element elementor-element-dad1881 e-flex e-con-boxed e-con e-parent\" data-id=\"dad1881\" data-element_type=\"container\" data-e-type=\"container\" data-settings=\"{&quot;background_background&quot;:&quot;classic&quot;}\">\n\t\t\t\t\t<div class=\"e-con-inner\">\n\t\t\t\t<div class=\"elementor-element elementor-element-a40e168 elementor-widget__width-initial elementor-widget elementor-widget-heading\" data-id=\"a40e168\" data-element_type=\"widget\" data-e-type=\"widget\" data-widget_type=\"heading.default\">\n\t\t\t\t<div class=\"elementor-widget-container\">\n\t\t\t\t\t<h2 class=\"elementor-heading-title elementor-size-default\">QUY\u1ec0N L\u1ee2I \u0110\u1ed0I T\u00c1C<\/h2>\t\t\t\t<\/div>\n\t\t\t\t<\/div>\n\t\t\t\t\t<\/div>\n\t\t\t\t<\/div>\n\t\t<div data-particle_enable=\"false\" data-particle-mobile-disabled=\"false\" class=\"elementor-element elementor-element-ca18b9a e-flex e-con-boxed e-con e-parent\" data-id=\"ca18b9a\" data-element_type=\"container\" data-e-type=\"container\" data-settings=\"{&quot;background_background&quot;:&quot;classic&quot;}\">\n\t\t\t\t\t<div class=\"e-con-inner\">\n\t\t<div data-particle_enable=\"false\" data-particle-mobile-disabled=\"false\" class=\"elementor-element elementor-element-7114ffa e-con-full e-flex e-con e-child\" data-id=\"7114ffa\" data-element_type=\"container\" data-e-type=\"container\">\n\t\t\t\t<div class=\"elementor-element elementor-element-27c2aaf elementor-widget elementor-widget-image\" data-id=\"27c2aaf\" data-element_type=\"widget\" data-e-type=\"widget\" data-widget_type=\"image.default\">\n\t\t\t\t<div class=\"elementor-widget-container\">\n\t\t\t\t\t\t\t\t\t\t\t\t\t\t\t<img fetchpriority=\"high\" decoding=\"async\" width=\"650\" height=\"600\" src=\"https:\/\/edutrade.vn\/wp-content\/uploads\/2024\/08\/doitackinhdoanh.png\" class=\"attachment-full size-full wp-image-22305\" alt=\"\" srcset=\"https:\/\/edutrade.vn\/wp-content\/uploads\/2024\/08\/doitackinhdoanh.png 650w, https:\/\/edutrade.vn\/wp-content\/uploads\/2024\/08\/doitackinhdoanh-600x554.png 600w\" sizes=\"(max-width: 650px) 100vw, 650px\" \/>\t\t\t\t\t\t\t\t\t\t\t\t\t\t\t<\/div>\n\t\t\t\t<\/div>\n\t\t\t\t<\/div>\n\t\t<div data-particle_enable=\"false\" data-particle-mobile-disabled=\"false\" class=\"elementor-element elementor-element-45e35b0 e-con-full e-flex e-con e-child\" data-id=\"45e35b0\" data-element_type=\"container\" data-e-type=\"container\">\n\t\t<div data-particle_enable=\"false\" data-particle-mobile-disabled=\"false\" class=\"elementor-element elementor-element-e26f83e e-flex e-con-boxed e-con e-child\" data-id=\"e26f83e\" data-element_type=\"container\" data-e-type=\"container\" data-settings=\"{&quot;background_background&quot;:&quot;classic&quot;}\">\n\t\t\t\t\t<div class=\"e-con-inner\">\n\t\t\t\t<div class=\"elementor-element elementor-element-8c38db0 elementor-widget elementor-widget-heading\" data-id=\"8c38db0\" data-element_type=\"widget\" data-e-type=\"widget\" data-widget_type=\"heading.default\">\n\t\t\t\t<div class=\"elementor-widget-container\">\n\t\t\t\t\t<h2 class=\"elementor-heading-title elementor-size-default\">\u0110I\u1ec0U KI\u1ec6N \u0110\u0102NG K\u00dd<\/h2>\t\t\t\t<\/div>\n\t\t\t\t<\/div>\n\t\t<div data-particle_enable=\"false\" data-particle-mobile-disabled=\"false\" class=\"elementor-element elementor-element-ae1b221 e-flex e-con-boxed e-con e-child\" data-id=\"ae1b221\" data-element_type=\"container\" data-e-type=\"container\" data-settings=\"{&quot;background_background&quot;:&quot;classic&quot;}\">\n\t\t\t\t\t<div class=\"e-con-inner\">\n\t\t\t\t<div class=\"elementor-element elementor-element-a0b1473 elementor-widget elementor-widget-text-editor\" data-id=\"a0b1473\" data-element_type=\"widget\" data-e-type=\"widget\" data-widget_type=\"text-editor.default\">\n\t\t\t\t<div class=\"elementor-widget-container\">\n\t\t\t\t\t\t\t\t\t<p>Ch\u01b0\u01a1ng tr\u00ecnh\u00a0<b>\u0110\u1ed1i t\u00e1c c\u1ee7a Edu Trade<\/b>\u00a0\u0111\u01b0\u1ee3c ph\u00e1t tri\u1ec3n d\u00e0nh cho c\u00e1 nh\u00e2n ho\u1eb7c t\u1ed5 ch\u1ee9c l\u00e0 ph\u00e1p nh\u00e2n c\u00f3 mong mu\u1ed1n ph\u00e1t tri\u1ec3n kinh doanh trong l\u0129nh v\u1ef1c \u0111\u1ea7u t\u01b0 h\u00e0ng h\u00f3a.<\/p>\t\t\t\t\t\t\t\t<\/div>\n\t\t\t\t<\/div>\n\t\t\t\t\t<\/div>\n\t\t\t\t<\/div>\n\t\t\t\t<div class=\"elementor-element elementor-element-65ede3d elementor-widget elementor-widget-heading\" data-id=\"65ede3d\" data-element_type=\"widget\" data-e-type=\"widget\" data-widget_type=\"heading.default\">\n\t\t\t\t<div class=\"elementor-widget-container\">\n\t\t\t\t\t<h2 class=\"elementor-heading-title elementor-size-default\">TH\u1ee6 T\u1ee4C \u0110\u0102NG K\u00dd<\/h2>\t\t\t\t<\/div>\n\t\t\t\t<\/div>\n\t\t<div data-particle_enable=\"false\" data-particle-mobile-disabled=\"false\" class=\"elementor-element elementor-element-b59d0f8 e-flex e-con-boxed e-con e-child\" data-id=\"b59d0f8\" data-element_type=\"container\" data-e-type=\"container\" data-settings=\"{&quot;background_background&quot;:&quot;classic&quot;}\">\n\t\t\t\t\t<div class=\"e-con-inner\">\n\t\t\t\t<div class=\"elementor-element elementor-element-d52052e elementor-widget elementor-widget-text-editor\" data-id=\"d52052e\" data-element_type=\"widget\" data-e-type=\"widget\" data-widget_type=\"text-editor.default\">\n\t\t\t\t<div class=\"elementor-widget-container\">\n\t\t\t\t\t\t\t\t\t<div id=\"input_line_0\"><span id=\"input_part_0\" class=\"\" data-mention=\"D\u00e0nh cho c\u00e1 nh\u00e2n:\">D\u00e0nh cho c\u00e1 nh\u00e2n:<\/span><\/div><ul style=\"list-style-type: disc;\"><li id=\"input_line_1\"><span id=\"input_part_0\" class=\"\" data-mention=\"Th\u1ecfa thu\u1eadn h\u1ee3p t\u00e1c kinh doanh. \">Th\u1ecfa thu\u1eadn h\u1ee3p t\u00e1c kinh doanh. <\/span><\/li><li id=\"input_line_2\"><span id=\"input_part_0\" class=\"\" data-mention=\"H\u00ecnh ch\u1ee5p CCCD 2 m\u1eb7t.\">H\u00ecnh ch\u1ee5p CCCD 2 m\u1eb7t.<\/span><\/li><\/ul><div id=\"input_line_3\"><span id=\"input_part_0\" class=\"\" data-mention=\"D\u00e0nh cho t\u1ed5 ch\u1ee9c:\">D\u00e0nh cho t\u1ed5 ch\u1ee9c:<\/span><\/div><ul style=\"list-style-type: disc;\"><li id=\"input_line_4\"><span id=\"input_part_0\" class=\"\" data-mention=\"Th\u1ecfa thu\u1eadn h\u1ee3p t\u00e1c kinh doanh.\">Th\u1ecfa thu\u1eadn h\u1ee3p t\u00e1c kinh doanh.<\/span><\/li><li id=\"input_line_5\"><span id=\"input_part_0\" class=\"\" data-mention=\"Gi\u1ea5y ph\u00e9p \u0111\u0103ng k\u00fd kinh doanh.\">Gi\u1ea5y ph\u00e9p \u0111\u0103ng k\u00fd kinh doanh.<\/span><\/li><li id=\"input_line_6\"><span id=\"input_part_0\" class=\"\" data-mention=\"H\u00ecnh ch\u1ee5p CCCD 2 m\u1eb7t ng\u01b0\u1eddi \u0111\u1ea1i di\u1ec7n ph\u00e1p nh\u00e2n c\u1ee7a t\u1ed5 ch\u1ee9c.\">H\u00ecnh ch\u1ee5p CCCD 2 m\u1eb7t ng\u01b0\u1eddi \u0111\u1ea1i di\u1ec7n ph\u00e1p nh\u00e2n c\u1ee7a t\u1ed5 ch\u1ee9c.<\/span><\/li><\/ul>\t\t\t\t\t\t\t\t<\/div>\n\t\t\t\t<\/div>\n\t\t<div data-particle_enable=\"false\" data-particle-mobile-disabled=\"false\" class=\"elementor-element elementor-element-a568bdd e-con-full e-flex e-con e-child\" data-id=\"a568bdd\" data-element_type=\"container\" data-e-type=\"container\">\n\t\t\t\t<div class=\"elementor-element elementor-element-eaa5e47 elementor-widget elementor-widget-text-editor\" data-id=\"eaa5e47\" data-element_type=\"widget\" data-e-type=\"widget\" data-widget_type=\"text-editor.default\">\n\t\t\t\t<div class=\"elementor-widget-container\">\n\t\t\t\t\t\t\t\t\t<p><span style=\"font-size: 14pt;\"><b><i>\u0110\u0103ng k\u00fd tr\u1edf th\u00e0nh \u0111\u1ed1i t\u00e1c c\u1ee7a Edu Trade <\/i><\/b><\/span><\/p>\t\t\t\t\t\t\t\t<\/div>\n\t\t\t\t<\/div>\n\t\t\t\t<div class=\"elementor-element elementor-element-eebd565 elementor-widget elementor-widget-eael-creative-button\" data-id=\"eebd565\" data-element_type=\"widget\" data-e-type=\"widget\" data-widget_type=\"eael-creative-button.default\">\n\t\t\t\t<div class=\"elementor-widget-container\">\n\t\t\t\t\t        <div class=\"eael-creative-button-wrapper\">\n\n            <a class=\"eael-creative-button eael-creative-button--default\" href=\"#\" data-text=\"Go!\">\n            \t    \n                <div class=\"creative-button-inner\">\n\n                    \n                    <span class=\"cretive-button-text\">\u0110\u0103ng k\u00fd ngay<\/span>\n\n                                    <\/div>\n\t                        <\/a>\n        <\/div>\n        \t\t\t\t<\/div>\n\t\t\t\t<\/div>\n\t\t\t\t<\/div>\n\t\t\t\t\t<\/div>\n\t\t\t\t<\/div>\n\t\t\t\t\t<\/div>\n\t\t\t\t<\/div>\n\t\t\t\t<\/div>\n\t\t\t\t\t<\/div>\n\t\t\t\t<\/div>\n\t\t<div data-particle_enable=\"false\" data-particle-mobile-disabled=\"false\" class=\"elementor-element elementor-element-3720f6b e-flex e-con-boxed e-con e-parent\" data-id=\"3720f6b\" data-element_type=\"container\" data-e-type=\"container\" data-settings=\"{&quot;background_background&quot;:&quot;classic&quot;}\">\n\t\t\t\t\t<div class=\"e-con-inner\">\n\t\t<div data-particle_enable=\"false\" data-particle-mobile-disabled=\"false\" class=\"elementor-element elementor-element-fdc79ea e-flex e-con-boxed e-con e-child\" data-id=\"fdc79ea\" data-element_type=\"container\" data-e-type=\"container\">\n\t\t\t\t\t<div class=\"e-con-inner\">\n\t\t\t\t<div class=\"elementor-element elementor-element-4d69d7c elementor-widget__width-initial elementor-widget elementor-widget-heading\" data-id=\"4d69d7c\" data-element_type=\"widget\" data-e-type=\"widget\" data-widget_type=\"heading.default\">\n\t\t\t\t<div class=\"elementor-widget-container\">\n\t\t\t\t\t<h2 class=\"elementor-heading-title elementor-size-default\">QUY\u1ec0N L\u1ee2I \u0110\u1ed0I T\u00c1C<\/h2>\t\t\t\t<\/div>\n\t\t\t\t<\/div>\n\t\t<div data-particle_enable=\"false\" data-particle-mobile-disabled=\"false\" class=\"elementor-element elementor-element-2b32c3f e-flex e-con-boxed e-con e-child\" data-id=\"2b32c3f\" data-element_type=\"container\" data-e-type=\"container\">\n\t\t\t\t\t<div class=\"e-con-inner\">\n\t\t\t\t<div class=\"elementor-element elementor-element-dece4a1 elementor-widget elementor-widget-text-editor\" data-id=\"dece4a1\" data-element_type=\"widget\" data-e-type=\"widget\" data-widget_type=\"text-editor.default\">\n\t\t\t\t<div class=\"elementor-widget-container\">\n\t\t\t\t\t\t\t\t\t<div class=\"elementor-element elementor-element-dfdeae1 elementor-widget elementor-widget-text-editor\" data-id=\"dfdeae1\" data-element_type=\"widget\" data-widget_type=\"text-editor.default\"><div class=\"elementor-widget-container\"><p>1. \u0110\u01b0\u1ee3c h\u01b0\u1edfng ch\u00ednh s\u00e1ch hoa h\u1ed3ng nh\u01b0 sau:<\/p><\/div><\/div><div class=\"elementor-element elementor-element-7b1b494 elementor-widget elementor-widget-text-editor\" data-id=\"7b1b494\" data-element_type=\"widget\" data-widget_type=\"text-editor.default\"><div class=\"elementor-widget-container\"><table><tbody><tr><td>B\u1eadc ph\u00e2n ph\u1ed1i<\/td><td>1<\/td><td>2<\/td><td>3<\/td><td>4<\/td><td>5<\/td><td>6<\/td><\/tr><tr><td>T\u1ef7 l\u1ec7 hoa h\u1ed3ng<\/td><td>30%<\/td><td>40%<\/td><td>50%<\/td><td>60%<\/td><td>70%<\/td><td>80%<\/td><\/tr><tr><td>NAV (tri\u1ec7u \u0111\u1ed3ng)<\/td><td>&lt;=500<\/td><td>501-1,000<\/td><td>1,001-3,000<\/td><td>3,001-7,000<\/td><td>7,001-10,000<\/td><td>&gt;10,000<\/td><\/tr><\/tbody><\/table><\/div><\/div><div class=\"elementor-element elementor-element-799d218 elementor-widget elementor-widget-heading\" data-id=\"799d218\" data-element_type=\"widget\" data-widget_type=\"heading.default\"><div class=\"elementor-widget-container\"><p class=\"elementor-heading-title elementor-size-default\">*\u00c1p d\u1ee5ng Q\u0110 s\u1ed1 016\/2024-EDT ng\u00e0y 31\/05\/2024 v\/v ph\u00e2n ph\u1ed1i hoa h\u1ed3ng \u0111\u1ed1i t\u00e1c kinh doanh<\/p><\/div><\/div><div class=\"elementor-element elementor-element-bfa4fb7 elementor-widget elementor-widget-text-editor\" data-id=\"bfa4fb7\" data-element_type=\"widget\" data-widget_type=\"text-editor.default\"><div class=\"elementor-widget-container\"><p>2. \u0110\u01b0\u1ee3c cung c\u1ea5p t\u00e0i li\u1ec7u, \u1ea5n ph\u1ea9m marketing \u0111\u1ec3 ho\u1ea1t \u0111\u1ed9ng kinh doanh.<\/p><p>3. \u0110\u01b0\u1ee3c \u0111\u00e0o t\u1ea1o mi\u1ec5n ph\u00ed v\u1ec1 th\u1ecb tr\u01b0\u1eddng v\u00e0 s\u1ea3n ph\u1ea9m \u0111\u1ec3 ho\u1ea1t \u0111\u1ed9ng kinh doanh.<\/p><p>4. \u0110\u01b0\u1ee3c h\u1ed7 tr\u1ee3 t\u1ed5 ch\u1ee9c h\u1ed9i th\u1ea3o, workshop d\u00e0nh ri\u00eang cho kh\u00e1ch h\u00e0ng c\u1ee7a \u0111\u1ed1i t\u00e1c theo y\u00eau c\u1ea7u.<\/p><p>5. Kh\u00e1ch h\u00e0ng c\u1ee7a \u0111\u1ed1i t\u00e1c \u0111\u01b0\u1ee3c h\u1ed7 tr\u1ee3 100% v\u1ec1 khuy\u1ebfn ngh\u1ecb giao d\u1ecbch, n\u1ea1p r\u00fat ti\u1ec1n, qu\u1ea3n tr\u1ecb r\u1ee7i ro, \u0111\u00e0o t\u1ea1o ki\u1ebfn th\u1ee9c n\u1ec1n t\u1ea3ng\u2026 theo ch\u00ednh s\u00e1ch kh\u00e1ch h\u00e0ng c\u1ee7a Edu Trade.<\/p><\/div><\/div>\t\t\t\t\t\t\t\t<\/div>\n\t\t\t\t<\/div>\n\t\t\t\t\t<\/div>\n\t\t\t\t<\/div>\n\t\t\t\t<div class=\"elementor-element elementor-element-704c6d0 elementor-widget__width-initial elementor-widget elementor-widget-heading\" data-id=\"704c6d0\" data-element_type=\"widget\" data-e-type=\"widget\" data-widget_type=\"heading.default\">\n\t\t\t\t<div class=\"elementor-widget-container\">\n\t\t\t\t\t<h2 class=\"elementor-heading-title elementor-size-default\">NGH\u0128A V\u1ee4 C\u1ee6A \u0110\u1ed0I T\u00c1C<\/h2>\t\t\t\t<\/div>\n\t\t\t\t<\/div>\n\t\t<div data-particle_enable=\"false\" data-particle-mobile-disabled=\"false\" class=\"elementor-element elementor-element-cd6f39e e-flex e-con-boxed e-con e-child\" data-id=\"cd6f39e\" data-element_type=\"container\" data-e-type=\"container\">\n\t\t\t\t\t<div class=\"e-con-inner\">\n\t\t\t\t<div class=\"elementor-element elementor-element-592720a elementor-widget elementor-widget-text-editor\" data-id=\"592720a\" data-element_type=\"widget\" data-e-type=\"widget\" data-widget_type=\"text-editor.default\">\n\t\t\t\t<div class=\"elementor-widget-container\">\n\t\t\t\t\t\t\t\t\t<div class=\"elementor-element elementor-element-dfdeae1 elementor-widget elementor-widget-text-editor\" data-id=\"dfdeae1\" data-element_type=\"widget\" data-widget_type=\"text-editor.default\"><div class=\"elementor-widget-container\"><p>1. \u0110\u1ed1i t\u00e1c l\u00e0 c\u00e1 nh\u00e2n c\u00f3 tr\u00e1ch nhi\u1ec7m t\u1ef1 khai b\u00e1o v\u00e0 n\u1ed9p thu\u1ebf TNCN ho\u1eb7c c\u00f4ng ty t\u1ea1m kh\u1ea5u tr\u1eeb 10% v\u00e0 n\u1ed9p cho c\u01a1 quan thu\u1ebf. H\u1ebft n\u0103m t\u00e0i kh\u00f3a, \u0111\u1ed1i t\u00e1c kinh doanh c\u00f3 tr\u00e1ch nhi\u1ec7m quy\u1ebft to\u00e1n thu\u1ebf v\u1edbi c\u01a1 quan thu\u1ebf.<\/p><p>2. \u0110\u1ed1i t\u00e1c l\u00e0 ph\u00e1p nh\u00e2n xu\u1ea5t h\u00f3a \u0111\u01a1n kh\u00f4ng c\u00f3 VAT \u0111\u1ec3 \u0111\u01b0\u1ee3c thanh to\u00e1n (m\u00f4i gi\u1edbi h\u00e0ng h\u00f3a l\u00e0 ng\u00e0nh kh\u00f4ng ch\u1ecbu thu\u1ebf VAT).<\/p><p>3. \u0110\u1ed1i t\u00e1c kinh doanh \u0111\u01b0\u1ee3c xem l\u00e0 t\u1ef1 ch\u1ea5m d\u1ee9t ho\u1ea1t \u0111\u1ed9ng v\u00e0 quy\u1ec1n l\u1ee3i khi li\u00ean t\u1ee5c 03 th\u00e1ng (t\u00ednh t\u1eeb ng\u00e0y \u0111\u1ea7u th\u00e1ng) kh\u00f4ng ph\u00e1t sinh m\u1edbi h\u1ee3p \u0111\u1ed3ng t\u1ef1 doanh c\u00f3 giao d\u1ecbch, g\u00f3i \u0111\u1ea7u t\u01b0, kh\u00f3a \u0111\u00e0o t\u1ea1o. M\u1ecdi kho\u1ea3n th\u00f9 lao, hoa h\u1ed3ng ph\u00e1t sinh b\u1ecb ch\u1ea5m d\u1ee9t cho th\u00e1ng ti\u1ebfp theo.<\/p><p>4. \u0110\u1ed1i t\u00e1c kh\u00f4ng \u0111\u01b0\u1ee3c nh\u1eadn \u1ee7y th\u00e1c, h\u1ee3p t\u00e1c \u0111\u1ea7u t\u01b0 v\u1edbi kh\u00e1ch h\u00e0ng tr\u00ean danh ngh\u0129a l\u00e0 nh\u00e2n vi\u00ean, \u0111\u1ea1i l\u00fd, \u0111\u1ed1i t\u00e1c c\u1ee7a Edu Trade.<\/p><\/div><\/div>\t\t\t\t\t\t\t\t<\/div>\n\t\t\t\t<\/div>\n\t\t\t\t\t<\/div>\n\t\t\t\t<\/div>\n\t\t\t\t\t<\/div>\n\t\t\t\t<\/div>\n\t\t\t\t\t<\/div>\n\t\t\t\t<\/div>\n\t\t\t\t<\/div>","protected":false},"excerpt":{"rendered":"<p>QUY\u1ec0N L\u1ee2I \u0110\u1ed0I T\u00c1C \u0110I\u1ec0U KI\u1ec6N \u0110\u0102NG K\u00dd Ch\u01b0\u01a1ng tr\u00ecnh\u00a0\u0110\u1ed1i t\u00e1c c\u1ee7a Edu Trade\u00a0\u0111\u01b0\u1ee3c ph\u00e1t tri\u1ec3n d\u00e0nh cho c\u00e1 nh\u00e2n ho\u1eb7c t\u1ed5 ch\u1ee9c l\u00e0 ph\u00e1p nh\u00e2n c\u00f3 mong mu\u1ed1n ph\u00e1t tri\u1ec3n kinh doanh trong l\u0129nh v\u1ef1c \u0111\u1ea7u t\u01b0 h\u00e0ng h\u00f3a. TH\u1ee6 T\u1ee4C \u0110\u0102NG K\u00dd D\u00e0nh cho c\u00e1 nh\u00e2n: Th\u1ecfa thu\u1eadn h\u1ee3p t\u00e1c kinh doanh. H\u00ecnh [&hellip;]<\/p>","protected":false},"author":1,"featured_media":0,"parent":0,"menu_order":58,"comment_status":"closed","ping_status":"closed","template":"","meta":{"_acf_changed":false,"jnews_page_loop":{"enable_page_loop":"0","first_title":"Latest Post","second_title":"","header_type":"heading_6","header_background":"","header_text_color":"","layout":"right-sidebar","sidebar":"default-sidebar","second_sidebar":"default-sidebar","sticky_sidebar":"1","module":"3","boxed":"0","boxed_shadow":"0","box_shadow":"0","excerpt_length":"20","content_date":"default","date_custom":"Y\/m\/d","content_pagination":"nav_1","pagination_align":"center","show_navtext":"0","show_pageinfo":"0","post_offset":"0","posts_per_page":"5","include_post":"","exclude_post":"","include_category":"","exclude_category":"","include_author":"","include_tag":"","exclude_tag":"","sort_by":"latest","main_custom_image_size":"default","second_custom_image_size":"default","post_sticky":"0"},"jnews_single_page":{"layout":"right-sidebar-narrow","sidebar":"ve-edu-trade","second_sidebar":"default-sidebar","sticky_sidebar":"1","show_post_featured":"1","show_post_meta":"0","share_position":"top","share_color":"share-monocrhome","show_post_title":"1","show_post_breadcrumbs":"1"},"footnotes":""},"class_list":["post-229","page","type-page","status-publish","hentry"],"acf":[],"_links":{"self":[{"href":"https:\/\/edutrade.vn\/en\/wp-json\/wp\/v2\/pages\/229","targetHints":{"allow":["GET"]}}],"collection":[{"href":"https:\/\/edutrade.vn\/en\/wp-json\/wp\/v2\/pages"}],"about":[{"href":"https:\/\/edutrade.vn\/en\/wp-json\/wp\/v2\/types\/page"}],"author":[{"embeddable":true,"href":"https:\/\/edutrade.vn\/en\/wp-json\/wp\/v2\/users\/1"}],"replies":[{"embeddable":true,"href":"https:\/\/edutrade.vn\/en\/wp-json\/wp\/v2\/comments?post=229"}],"version-history":[{"count":1,"href":"https:\/\/edutrade.vn\/en\/wp-json\/wp\/v2\/pages\/229\/revisions"}],"predecessor-version":[{"id":30110,"href":"https:\/\/edutrade.vn\/en\/wp-json\/wp\/v2\/pages\/229\/revisions\/30110"}],"wp:attachment":[{"href":"https:\/\/edutrade.vn\/en\/wp-json\/wp\/v2\/media?parent=229"}],"curies":[{"name":"wp","href":"https:\/\/api.w.org\/{rel}","templated":true}]}}