






{"id":25559,"date":"2025-04-02T14:18:50","date_gmt":"2025-04-02T07:18:50","guid":{"rendered":"https:\/\/edutrade.vn\/?page_id=25559"},"modified":"2025-12-22T09:57:17","modified_gmt":"2025-12-22T02:57:17","slug":"chinh-sach-hoan-tien","status":"publish","type":"page","link":"https:\/\/edutrade.vn\/en\/chinh-sach-hoan-tien\/","title":{"rendered":"Refund policy"},"content":{"rendered":"<p>Sau \u0111\u00e2y l\u00e0 m\u1ed9t s\u1ed1 n\u1ed9i dung trong ch\u00ednh s\u00e1ch ho\u00e0n ti\u1ec1n c\u1ee7a Edu Trade<\/p>\n<h2 id=\"ftoc-heading-1\" class=\"ftwp-heading\"><strong>Edu Trade Xin Cam K\u1ebft V\u1edbi Kh\u00e1ch H\u00e0ng<\/strong><\/h2>\n<p>Cung c\u1ea5p \u0111\u1ea7y \u0111\u1ee7 cho h\u1ecdc vi\u00ean 100% nh\u1eefng l\u1ee3i \u00edch c\u1ee7a g\u00f3i \u0111\u1ea7u t\u01b0 theo ti\u00eau chu\u1ea9n Edu Trade<\/p>\n<p>H\u01b0\u1edbng d\u1eabn v\u00e0 h\u1ed7 tr\u1ee3 h\u1ecdc vi\u00ean t\u1eadn t\u00ecnh nh\u1eb1m ho\u00e0n th\u00e0nh 100% m\u1ee5c ti\u00eau g\u00f3i \u0111\u1ea7u t\u01b0.<\/p>\n<p>Cam k\u1ebft h\u1ed7 tr\u1ee3 l\u00e2u d\u00e0i, lu\u00f4n c\u1eadp nh\u1eadt th\u00f4ng tin, ki\u1ebfn th\u1ee9c \u0111\u1ea7u t\u01b0 m\u1edbi nh\u1ea5t cho H\u1ecdc Vi\u00ean<\/p>\n<p>H\u1ed7 tr\u1ee3 t\u01b0 v\u1ea5n chi\u1ebfn l\u01b0\u1ee3c, k\u1ef9 thu\u1eadt th\u1ef1c hi\u1ec7n d\u1ef1 \u00e1n, cung c\u1ea5p\u00a0d\u1ef1 \u00e1n th\u1ef1c t\u1ebf\u00a0\u0111\u1ec3 h\u1ecdc vi\u00ean th\u1ef1c nghi\u1ec7m v\u00e0 t\u00edch l\u0169y kinh nghi\u1ec7m<\/p>\n<p>Ho\u00e0n tr\u1ea3 100 % h\u1ecdc ph\u00ed n\u1ebfu tr\u00ean 50% h\u1ecdc vi\u00ean \u0111\u00e1nh gi\u00e1 kh\u00f4ng h\u00e0i l\u00f2ng g\u00f3i \u0111\u1ea7u t\u01b0.<\/p>\n<h2 id=\"ftoc-heading-2\" class=\"ftwp-heading\"><strong>Cam K\u1ebft C\u1ee7a H\u1ecdc Vi\u00ean \u0110\u1ed1i V\u1edbi Edu Trade \u0110\u1ec3 C\u00f3 K\u1ebft Qu\u1ea3 T\u1ed1t<\/strong><\/h2>\n<p>Th\u00f4ng tin \u0111\u0103ng k\u00fd cung c\u1ea5p l\u00e0 \u0111\u00fang v\u1edbi hi\u1ec7n tr\u1ea1ng th\u1ef1c t\u1ebf<\/p>\n<p>Tham d\u1ef1 \u0111\u1ea7y \u0111\u1ee7 t\u1ed1i thi\u1ec3u \u0111\u1ea1t\u00a080%\u00a0th\u1eddi gian bi\u1ec3u ho\u1ea1t \u0111\u1ed9ng c\u1ee7a\u00a0g\u00f3i \u0111\u1ea7u t\u01b0<\/p>\n<p>Cam k\u1ebft ho\u00e0n th\u00e0nh\u00a0100%\u00a0c\u00e1c ho\u1ea1t \u0111\u1ed9ng c\u1ee7a g\u00f3i \u0111\u1ea7u t\u01b0 d\u01b0\u1edbi s\u1ef1\u00a0h\u1ed7 tr\u1ee3 c\u1ee7a chuy\u00ean vi\u00ean gi\u1ea3ng d\u1ea1y<\/p>\n<p>Cam k\u1ebft th\u1ef1c hi\u1ec7n ho\u00e0n thi\u1ec7n d\u1ef1 \u00e1n th\u1ef1c t\u1ebf (n\u1ebfu c\u00f3)<\/p>\n<p>Tr\u01b0\u1eddng h\u1ee3p h\u1ecdc vi\u00ean v\u00ec m\u1ed9t l\u00fd do n\u00e0o \u0111\u00f3, kh\u00f4ng tu\u00e2n th\u1ee7 ho\u00e0n to\u00e0n c\u00e1c n\u1ed9i dung cam k\u1ebft tr\u00ean, ch\u00fang t\u00f4i s\u1ebd t\u1ea1o th\u00eam 01 c\u01a1 h\u1ed9i v\u1ec1 th\u1eddi gian v\u00e0 s\u1ef1 chia s\u1ebb \u0111\u1ec3 gi\u00fap h\u1ecdc vi\u00ean ho\u00e0n th\u00e0nh ch\u01b0\u01a1ng tr\u00ecnh v\u00e0 \u0111\u1ea3m b\u1ea3o ch\u1ea5t l\u01b0\u1ee3ng \u0111\u1ea7u ra c\u1ee7a H\u1ecdc Vi\u1ec7n<\/p>\n<h2 id=\"ftoc-heading-3\" class=\"ftwp-heading\"><strong>Th\u00f4ng Tin Li\u00ean H\u1ec7<\/strong><\/h2>\n<p><strong>\u0110\u1ecba ch\u1ec9:<\/strong> 84-86 Nguy\u1ec5n Tr\u01b0\u1eddng T\u1ed9, Ph\u01b0\u1eddng. 13, Qu\u1eadn 4, Tp H\u1ed3 Ch\u00ed Minh<\/p>\n<p><strong>Hotline:<\/strong> <a href=\"tel:0866%20212%20677\">0866 212 677<\/a><\/p>\n<p><strong>Email:<\/strong> hotline@edutrade.vn<\/p>\n<p><strong>Website:<\/strong> edutrade.vn<\/p>","protected":false},"excerpt":{"rendered":"<p>Sau \u0111\u00e2y l\u00e0 m\u1ed9t s\u1ed1 n\u1ed9i dung trong ch\u00ednh s\u00e1ch ho\u00e0n ti\u1ec1n c\u1ee7a Edu Trade Edu Trade Xin Cam K\u1ebft V\u1edbi Kh\u00e1ch H\u00e0ng Cung c\u1ea5p \u0111\u1ea7y \u0111\u1ee7 cho h\u1ecdc vi\u00ean 100% nh\u1eefng l\u1ee3i \u00edch c\u1ee7a g\u00f3i \u0111\u1ea7u t\u01b0 theo ti\u00eau chu\u1ea9n Edu Trade H\u01b0\u1edbng d\u1eabn v\u00e0 h\u1ed7 tr\u1ee3 h\u1ecdc vi\u00ean t\u1eadn t\u00ecnh nh\u1eb1m ho\u00e0n th\u00e0nh [&hellip;]<\/p>","protected":false},"author":1,"featured_media":0,"parent":0,"menu_order":0,"comment_status":"closed","ping_status":"closed","template":"","meta":{"_acf_changed":false,"jnews_page_loop":{"first_title":"Latest Post","header_type":"heading_6","layout":"right-sidebar","sidebar":"default-sidebar","second_sidebar":"default-sidebar","sticky_sidebar":"1","module":"3","main_custom_image_size":"default","second_custom_image_size":"default","excerpt_length":"20","content_date":"default","date_custom":"Y\/m\/d","content_pagination":"nav_1","pagination_align":"center","post_sticky":"0","post_offset":"0","posts_per_page":"5","sort_by":"latest"},"jnews_single_page":{"layout":"no-sidebar","sidebar":"default-sidebar","second_sidebar":"default-sidebar","sticky_sidebar":"1","show_post_title":"1","show_post_breadcrumbs":"1","show_post_featured":"1","share_position":"top","share_color":"share-monocrhome","show_post_meta":"0"},"footnotes":""},"class_list":["post-25559","page","type-page","status-publish","hentry"],"acf":[],"_links":{"self":[{"href":"https:\/\/edutrade.vn\/en\/wp-json\/wp\/v2\/pages\/25559","targetHints":{"allow":["GET"]}}],"collection":[{"href":"https:\/\/edutrade.vn\/en\/wp-json\/wp\/v2\/pages"}],"about":[{"href":"https:\/\/edutrade.vn\/en\/wp-json\/wp\/v2\/types\/page"}],"author":[{"embeddable":true,"href":"https:\/\/edutrade.vn\/en\/wp-json\/wp\/v2\/users\/1"}],"replies":[{"embeddable":true,"href":"https:\/\/edutrade.vn\/en\/wp-json\/wp\/v2\/comments?post=25559"}],"version-history":[{"count":1,"href":"https:\/\/edutrade.vn\/en\/wp-json\/wp\/v2\/pages\/25559\/revisions"}],"predecessor-version":[{"id":29391,"href":"https:\/\/edutrade.vn\/en\/wp-json\/wp\/v2\/pages\/25559\/revisions\/29391"}],"wp:attachment":[{"href":"https:\/\/edutrade.vn\/en\/wp-json\/wp\/v2\/media?parent=25559"}],"curies":[{"name":"wp","href":"https:\/\/api.w.org\/{rel}","templated":true}]}}