






{"id":25563,"date":"2025-04-02T14:23:36","date_gmt":"2025-04-02T07:23:36","guid":{"rendered":"https:\/\/edutrade.vn\/?page_id=25563"},"modified":"2025-12-22T09:57:08","modified_gmt":"2025-12-22T02:57:08","slug":"chinh-sach-thanh-toan","status":"publish","type":"page","link":"https:\/\/edutrade.vn\/en\/chinh-sach-thanh-toan\/","title":{"rendered":"Payment policy"},"content":{"rendered":"<p class=\"\" data-start=\"0\" data-end=\"53\"><strong data-start=\"0\" data-end=\"53\">Ch\u00ednh S\u00e1ch Thanh To\u00e1n &#8211; C\u00f4ng Ty C\u1ed5 Ph\u1ea7n Edu Trade<\/strong><\/p>\n<p class=\"\" data-start=\"55\" data-end=\"290\">Ch\u00fang t\u00f4i t\u1ea1i C\u00f4ng Ty C\u1ed5 Ph\u1ea7n Edu Trade cam k\u1ebft cung c\u1ea5p cho kh\u00e1ch h\u00e0ng nh\u1eefng g\u00f3i \u0111\u1ea7u t\u01b0 \u0111\u1ea7u t\u01b0 ch\u1ea5t l\u01b0\u1ee3ng v\u1edbi quy tr\u00ecnh thanh to\u00e1n minh b\u1ea1ch, d\u1ec5 d\u00e0ng v\u00e0 an to\u00e0n. D\u01b0\u1edbi \u0111\u00e2y l\u00e0 c\u00e1c th\u00f4ng tin chi ti\u1ebft v\u1ec1 ch\u00ednh s\u00e1ch thanh to\u00e1n c\u1ee7a ch\u00fang t\u00f4i:<\/p>\n<h3 class=\"\" data-start=\"292\" data-end=\"325\">1. <strong data-start=\"299\" data-end=\"325\">Ph\u01b0\u01a1ng Th\u1ee9c Thanh To\u00e1n<\/strong><\/h3>\n<p class=\"\" data-start=\"326\" data-end=\"429\">Ch\u00fang t\u00f4i h\u1ed7 tr\u1ee3 nhi\u1ec1u ph\u01b0\u01a1ng th\u1ee9c thanh to\u00e1n linh ho\u1ea1t \u0111\u1ec3 kh\u00e1ch h\u00e0ng c\u00f3 th\u1ec3 l\u1ef1a ch\u1ecdn t\u00f9y theo nhu c\u1ea7u:<\/p>\n<ul data-start=\"431\" data-end=\"978\">\n<li class=\"\" data-start=\"431\" data-end=\"622\">\n<p class=\"\" data-start=\"433\" data-end=\"622\"><strong data-start=\"433\" data-end=\"474\">Thanh to\u00e1n qua chuy\u1ec3n kho\u1ea3n ng\u00e2n h\u00e0ng<\/strong>: B\u1ea1n c\u00f3 th\u1ec3 thanh to\u00e1n tr\u1ef1c ti\u1ebfp qua t\u00e0i kho\u1ea3n ng\u00e2n h\u00e0ng c\u1ee7a ch\u00fang t\u00f4i. Chi ti\u1ebft t\u00e0i kho\u1ea3n s\u1ebd \u0111\u01b0\u1ee3c cung c\u1ea5p khi b\u1ea1n ho\u00e0n t\u1ea5t \u0111\u01a1n h\u00e0ng tr\u00ean website.<\/p>\n<\/li>\n<li class=\"\" data-start=\"623\" data-end=\"801\">\n<p class=\"\" data-start=\"625\" data-end=\"801\"><strong data-start=\"625\" data-end=\"656\">Thanh to\u00e1n qua th\u1ebb t\u00edn d\u1ee5ng<\/strong>: Ch\u00fang t\u00f4i ch\u1ea5p nh\u1eadn thanh to\u00e1n qua c\u00e1c lo\u1ea1i th\u1ebb t\u00edn d\u1ee5ng qu\u1ed1c t\u1ebf nh\u01b0 Visa, MasterCard, v\u00e0 c\u00e1c th\u1ebb n\u1ed9i \u0111\u1ecba kh\u00e1c c\u00f3 h\u1ed7 tr\u1ee3 thanh to\u00e1n tr\u1ef1c tuy\u1ebfn.<\/p>\n<\/li>\n<li class=\"\" data-start=\"802\" data-end=\"978\">\n<p class=\"\" data-start=\"804\" data-end=\"978\"><strong data-start=\"804\" data-end=\"833\">Thanh to\u00e1n qua v\u00ed \u0111i\u1ec7n t\u1eed<\/strong>: B\u1ea1n c\u00f3 th\u1ec3 s\u1eed d\u1ee5ng c\u00e1c v\u00ed \u0111i\u1ec7n t\u1eed nh\u01b0 Momo, ZaloPay, ho\u1eb7c c\u00e1c h\u00ecnh th\u1ee9c thanh to\u00e1n \u0111i\u1ec7n t\u1eed kh\u00e1c (n\u1ebfu c\u00f3) \u0111\u1ec3 thanh to\u00e1n nhanh ch\u00f3ng v\u00e0 ti\u1ec7n l\u1ee3i.<\/p>\n<\/li>\n<\/ul>\n<h3 class=\"\" data-start=\"980\" data-end=\"1011\">2. <strong data-start=\"987\" data-end=\"1011\">Quy Tr\u00ecnh Thanh To\u00e1n<\/strong><\/h3>\n<p class=\"\" data-start=\"1012\" data-end=\"1158\">Sau khi b\u1ea1n ch\u1ecdn g\u00f3i \u0111\u1ea7u t\u01b0 v\u00e0 \u0111i\u1ec1n \u0111\u1ea7y \u0111\u1ee7 th\u00f4ng tin \u0111\u0103ng k\u00fd, b\u1ea1n s\u1ebd \u0111\u01b0\u1ee3c chuy\u1ec3n \u0111\u1ebfn trang thanh to\u00e1n. Qu\u00e1 tr\u00ecnh thanh to\u00e1n s\u1ebd bao g\u1ed3m c\u00e1c b\u01b0\u1edbc sau:<\/p>\n<ul data-start=\"1160\" data-end=\"1418\">\n<li class=\"\" data-start=\"1160\" data-end=\"1202\">\n<p class=\"\" data-start=\"1162\" data-end=\"1202\"><strong data-start=\"1162\" data-end=\"1172\">B\u01b0\u1edbc 1<\/strong>: X\u00e1c nh\u1eadn th\u00f4ng tin \u0111\u01a1n h\u00e0ng.<\/p>\n<\/li>\n<li class=\"\" data-start=\"1203\" data-end=\"1257\">\n<p class=\"\" data-start=\"1205\" data-end=\"1257\"><strong data-start=\"1205\" data-end=\"1215\">B\u01b0\u1edbc 2<\/strong>: L\u1ef1a ch\u1ecdn ph\u01b0\u01a1ng th\u1ee9c thanh to\u00e1n ph\u00f9 h\u1ee3p.<\/p>\n<\/li>\n<li class=\"\" data-start=\"1258\" data-end=\"1320\">\n<p class=\"\" data-start=\"1260\" data-end=\"1320\"><strong data-start=\"1260\" data-end=\"1270\">B\u01b0\u1edbc 3<\/strong>: Nh\u1eadp th\u00f4ng tin thanh to\u00e1n v\u00e0 ho\u00e0n t\u1ea5t giao d\u1ecbch.<\/p>\n<\/li>\n<li class=\"\" data-start=\"1321\" data-end=\"1418\">\n<p class=\"\" data-start=\"1323\" data-end=\"1418\"><strong data-start=\"1323\" data-end=\"1333\">B\u01b0\u1edbc 4<\/strong>: B\u1ea1n s\u1ebd nh\u1eadn \u0111\u01b0\u1ee3c th\u00f4ng b\u00e1o x\u00e1c nh\u1eadn thanh to\u00e1n v\u00e0 th\u00f4ng tin v\u1ec1 g\u00f3i \u0111\u1ea7u t\u01b0 \u0111\u00e3 \u0111\u0103ng k\u00fd.<\/p>\n<\/li>\n<\/ul>\n<h3 class=\"\" data-start=\"1420\" data-end=\"1450\">3. <strong data-start=\"1427\" data-end=\"1450\">Ch\u00ednh S\u00e1ch Ho\u00e0n H\u1ee7y<\/strong><\/h3>\n<ul data-start=\"1451\" data-end=\"1806\">\n<li class=\"\" data-start=\"1451\" data-end=\"1662\">\n<p class=\"\" data-start=\"1453\" data-end=\"1662\"><strong data-start=\"1453\" data-end=\"1466\">Ho\u00e0n ti\u1ec1n<\/strong>: N\u1ebfu b\u1ea1n g\u1eb7p v\u1ea5n \u0111\u1ec1 v\u1ec1 g\u00f3i \u0111\u1ea7u t\u01b0 ho\u1eb7c kh\u00f4ng h\u00e0i l\u00f2ng v\u1edbi d\u1ecbch v\u1ee5, vui l\u00f2ng li\u00ean h\u1ec7 v\u1edbi ch\u00fang t\u00f4i trong v\u00f2ng 7 ng\u00e0y k\u1ec3 t\u1eeb ng\u00e0y \u0111\u0103ng k\u00fd \u0111\u1ec3 \u0111\u01b0\u1ee3c h\u1ed7 tr\u1ee3 ho\u00e0n ti\u1ec1n (n\u1ebfu \u0111\u00e1p \u1ee9ng \u0111\u1ee7 \u0111i\u1ec1u ki\u1ec7n ho\u00e0n ti\u1ec1n).<\/p>\n<\/li>\n<li class=\"\" data-start=\"1663\" data-end=\"1806\">\n<p class=\"\" data-start=\"1665\" data-end=\"1806\"><strong data-start=\"1665\" data-end=\"1681\">H\u1ee7y \u0111\u01a1n h\u00e0ng<\/strong>: N\u1ebfu b\u1ea1n thay \u0111\u1ed5i \u00fd \u0111\u1ecbnh tr\u01b0\u1edbc khi g\u00f3i \u0111\u1ea7u t\u01b0 b\u1eaft \u0111\u1ea7u, b\u1ea1n c\u00f3 th\u1ec3 y\u00eau c\u1ea7u h\u1ee7y \u0111\u01a1n h\u00e0ng v\u00e0 nh\u1eadn l\u1ea1i 100% s\u1ed1 ti\u1ec1n \u0111\u00e3 thanh to\u00e1n.<\/p>\n<\/li>\n<\/ul>\n<h3 class=\"\" data-start=\"1808\" data-end=\"1826\">4. <strong data-start=\"1815\" data-end=\"1826\">Li\u00ean H\u1ec7<\/strong><\/h3>\n<p class=\"\" data-start=\"1827\" data-end=\"1966\">N\u1ebfu b\u1ea1n c\u00f3 b\u1ea5t k\u1ef3 c\u00e2u h\u1ecfi n\u00e0o v\u1ec1 ch\u00ednh s\u00e1ch thanh to\u00e1n ho\u1eb7c c\u1ea7n s\u1ef1 tr\u1ee3 gi\u00fap trong qu\u00e1 tr\u00ecnh thanh to\u00e1n, vui l\u00f2ng li\u00ean h\u1ec7 v\u1edbi ch\u00fang t\u00f4i qua:<\/p>\n<ul data-start=\"1968\" data-end=\"2107\">\n<li class=\"\" data-start=\"1968\" data-end=\"2040\">\n<p class=\"\" data-start=\"1970\" data-end=\"2040\"><strong data-start=\"1970\" data-end=\"1981\">\u0110\u1ecba ch\u1ec9<\/strong>: 84-86 Nguy\u1ec5n Tr\u01b0\u1eddng T\u1ed9, Ph\u01b0\u1eddng 13, Qu\u1eadn 4, Tp H\u1ed3 Ch\u00ed Minh<\/p>\n<\/li>\n<li class=\"\" data-start=\"2041\" data-end=\"2074\">\n<p class=\"\" data-start=\"2043\" data-end=\"2074\"><strong data-start=\"2043\" data-end=\"2060\">S\u1ed1 \u0111i\u1ec7n tho\u1ea1i<\/strong>: 0866 212 677<\/p>\n<\/li>\n<li class=\"\" data-start=\"2075\" data-end=\"2107\">\n<p class=\"\" data-start=\"2077\" data-end=\"2107\"><strong data-start=\"2077\" data-end=\"2086\">Email<\/strong>: <a rel=\"noopener\" data-start=\"2088\" data-end=\"2107\">hotline@edutrade.vn<\/a><\/p>\n<\/li>\n<\/ul>\n<p class=\"\" data-start=\"2109\" data-end=\"2267\">Ch\u00fang t\u00f4i cam k\u1ebft b\u1ea3o m\u1eadt th\u00f4ng tin thanh to\u00e1n c\u1ee7a kh\u00e1ch h\u00e0ng v\u00e0 cung c\u1ea5p d\u1ecbch v\u1ee5 h\u1ed7 tr\u1ee3 t\u1eadn t\u00ecnh, \u0111\u1ea3m b\u1ea3o b\u1ea1n c\u00f3 tr\u1ea3i nghi\u1ec7m h\u1ecdc t\u1eadp t\u1ed1t nh\u1ea5t c\u00f9ng Edu Trade.<\/p>","protected":false},"excerpt":{"rendered":"<p>Ch\u00ednh S\u00e1ch Thanh To\u00e1n &#8211; C\u00f4ng Ty C\u1ed5 Ph\u1ea7n Edu Trade Ch\u00fang t\u00f4i t\u1ea1i C\u00f4ng Ty C\u1ed5 Ph\u1ea7n Edu Trade cam k\u1ebft cung c\u1ea5p cho kh\u00e1ch h\u00e0ng nh\u1eefng g\u00f3i \u0111\u1ea7u t\u01b0 \u0111\u1ea7u t\u01b0 ch\u1ea5t l\u01b0\u1ee3ng v\u1edbi quy tr\u00ecnh thanh to\u00e1n minh b\u1ea1ch, d\u1ec5 d\u00e0ng v\u00e0 an to\u00e0n. D\u01b0\u1edbi \u0111\u00e2y l\u00e0 c\u00e1c th\u00f4ng tin chi ti\u1ebft [&hellip;]<\/p>","protected":false},"author":1,"featured_media":0,"parent":0,"menu_order":0,"comment_status":"closed","ping_status":"closed","template":"","meta":{"_acf_changed":false,"jnews_page_loop":{"first_title":"Latest Post","header_type":"heading_6","layout":"right-sidebar","sidebar":"default-sidebar","second_sidebar":"default-sidebar","sticky_sidebar":"1","module":"3","main_custom_image_size":"default","second_custom_image_size":"default","excerpt_length":"20","content_date":"default","date_custom":"Y\/m\/d","content_pagination":"nav_1","pagination_align":"center","post_sticky":"0","post_offset":"0","posts_per_page":"5","sort_by":"latest"},"jnews_single_page":{"layout":"no-sidebar","sidebar":"default-sidebar","second_sidebar":"default-sidebar","sticky_sidebar":"1","show_post_title":"1","show_post_breadcrumbs":"1","show_post_featured":"1","share_position":"top","share_color":"share-monocrhome"},"footnotes":""},"class_list":["post-25563","page","type-page","status-publish","hentry"],"acf":[],"_links":{"self":[{"href":"https:\/\/edutrade.vn\/en\/wp-json\/wp\/v2\/pages\/25563","targetHints":{"allow":["GET"]}}],"collection":[{"href":"https:\/\/edutrade.vn\/en\/wp-json\/wp\/v2\/pages"}],"about":[{"href":"https:\/\/edutrade.vn\/en\/wp-json\/wp\/v2\/types\/page"}],"author":[{"embeddable":true,"href":"https:\/\/edutrade.vn\/en\/wp-json\/wp\/v2\/users\/1"}],"replies":[{"embeddable":true,"href":"https:\/\/edutrade.vn\/en\/wp-json\/wp\/v2\/comments?post=25563"}],"version-history":[{"count":1,"href":"https:\/\/edutrade.vn\/en\/wp-json\/wp\/v2\/pages\/25563\/revisions"}],"predecessor-version":[{"id":29390,"href":"https:\/\/edutrade.vn\/en\/wp-json\/wp\/v2\/pages\/25563\/revisions\/29390"}],"wp:attachment":[{"href":"https:\/\/edutrade.vn\/en\/wp-json\/wp\/v2\/media?parent=25563"}],"curies":[{"name":"wp","href":"https:\/\/api.w.org\/{rel}","templated":true}]}}