






{"id":3,"date":"2024-04-10T21:47:44","date_gmt":"2024-04-10T21:47:44","guid":{"rendered":"https:\/\/edutrade.vn\/?page_id=3"},"modified":"2025-04-09T09:01:44","modified_gmt":"2025-04-09T02:01:44","slug":"chinh-sach-bao-mat","status":"publish","type":"page","link":"https:\/\/edutrade.vn\/en\/chinh-sach-bao-mat\/","title":{"rendered":"Privacy Policy"},"content":{"rendered":"<h1 class=\"wp-block-heading\" style=\"text-align: center;\">CH\u00cdNH S\u00c1CH V\u1ec0 QUY\u1ec0N RI\u00caNG T\u01af<\/h1>\r\n<h3><br \/>1. Ch\u00fang t\u00f4i thu th\u1eadp nh\u1eefng th\u00f4ng tin g\u00ec?<\/h3>\r\n<p>Ch\u00fang t\u00f4i thu nh\u1eadp th\u00f4ng tin t\u1eeb b\u1ea1n khi b\u1ea1n \u0111\u0103ng k\u00fd tr\u00ean trang web c\u1ee7a ch\u00fang t\u00f4i.<\/p>\r\n<p>D\u1eef li\u1ec7u c\u00e1 nh\u00e2n m\u00e0 Edu Trade c\u00f3 th\u1ec3 thu th\u1eadp bao g\u1ed3m, nh\u01b0ng kh\u00f4ng gi\u1edbi h\u1ea1n:<\/p>\r\n<p>a. h\u1ecd t\u00ean;<\/p>\r\n<p>b. \u0111\u1ecba ch\u1ec9 email;<\/p>\r\n<p>c. ng\u00e0y sinh;<\/p>\r\n<p>d. \u0111\u1ecba ch\u1ec9 thanh to\u00e1n;<\/p>\r\n<p>e. t\u00e0i kho\u1ea3n ng\u00e2n h\u00e0ng v\u00e0 th\u00f4ng tin thanh to\u00e1n;<\/p>\r\n<p>f. s\u1ed1 \u0111i\u1ec7n tho\u1ea1i;<\/p>\r\n<p>g. gi\u1edbi t\u00ednh;<\/p>\r\n<p>h. Th\u00f4ng tin \u0111\u01b0\u1ee3c g\u1eedi b\u1edfi ho\u1eb7c li\u00ean quan \u0111\u1ebfn (c\u00e1c) thi\u1ebft b\u1ecb \u0111\u01b0\u1ee3c s\u1eed d\u1ee5ng \u0111\u1ec3 truy c\u1eadp v\u00e0o C\u00e1c D\u1ecbch v\u1ee5 ho\u1eb7c N\u1ec1n t\u1ea3ng c\u1ee7a ch\u00fang t\u00f4i.<\/p>\r\n<p>i. b\u1ea5t k\u1ef3 th\u00f4ng tin n\u00e0o kh\u00e1c v\u1ec1 ng\u01b0\u1eddi d\u00f9ng khi ng\u01b0\u1eddi d\u00f9ng \u0111\u0103ng nh\u1eadp \u0111\u1ec3 s\u1eed d\u1ee5ng C\u00e1c D\u1ecbch V\u1ee5 ho\u1eb7c N\u1ec1n t\u1ea3ng c\u1ee7a ch\u00fang t\u00f4i<\/p>\r\n<p>j. d\u1eef li\u1ec7u t\u1ed5ng h\u1ee3p v\u1ec1 n\u1ed9i dung ng\u01b0\u1eddi d\u00f9ng s\u1eed d\u1ee5ng.<\/p>\r\n<p>B\u1ea1n c\u00f3 th\u1ec3 t\u1ef1 ch\u1ec9nh s\u1eeda \u0111\u01b0\u1ee3c t\u00ean trong trang qu\u1ea3n l\u00fd t\u00e0i kho\u1ea3n. N\u1ebfu c\u1ea7n \u0111\u1ed5i email \u0111\u0103ng nh\u1eadp ho\u1eb7c s\u1ed1 \u0111i\u1ec7n tho\u1ea1i, b\u1ea1n c\u1ea7n g\u1eedi y\u00eau c\u1ea7u cho ch\u00fang t\u00f4i v\u00e0 tr\u1ea3i qua c\u00e1c b\u01b0\u1edbc x\u00e1c th\u1ef1c.<\/p>\r\n<p>&nbsp;<\/p>\r\n<h3>2. Ch\u00fang t\u00f4i s\u1ebd l\u00e0m g\u00ec v\u1edbi th\u00f4ng tin c\u1ee7a b\u1ea1n?<\/h3>\r\n<p>Edu Trade s\u1eed d\u1ee5ng th\u00f4ng tin ch\u00fang t\u00f4i thu th\u1eadp cho c\u00e1c m\u1ee5c \u0111\u00edch:<\/p>\r\n<p>a. \u0111\u1ec3 xem x\u00e9t v\u00e0\/ho\u1eb7c x\u1eed l\u00fd \u0111\u01a1n \u0111\u0103ng k\u00fd\/giao d\u1ecbch; \u0111\u0103ng k\u00fd email c\u1ee7a b\u1ea1n v\u1edbi ch\u00fang t\u00f4i<\/p>\r\n<p>b. \u0111\u1ec3 qu\u1ea3n l\u00fd vi\u1ec7c b\u1ea1n s\u1eed d\u1ee5ng d\u1ecbch v\u1ee5 c\u1ee7a ch\u00fang t\u00f4i<\/p>\r\n<p>c. \u0111\u1ec3 \u0111\u00e1p \u1ee9ng, x\u1eed l\u00fd, gi\u1ea3i quy\u1ebft ho\u1eb7c ho\u00e0n t\u1ea5t m\u1ed9t giao d\u1ecbch v\u00e0\/ho\u1eb7c \u0111\u00e1p \u1ee9ng c\u00e1c y\u00eau c\u1ea7u c\u1ee7a b\u1ea1n \u0111\u1ed1i v\u1edbi c\u00e1c s\u1ea3n ph\u1ea9m v\u00e0 d\u1ecbch v\u1ee5 nh\u1ea5t \u0111\u1ecbnh v\u00e0 th\u00f4ng b\u00e1o cho b\u1ea1n v\u1ec1 c\u00e1c v\u1ea5n \u0111\u1ec1 d\u1ecbch v\u1ee5 v\u00e0 c\u00e1c ho\u1ea1t \u0111\u1ed9ng t\u00e0i kho\u1ea3n b\u1ea5t th\u01b0\u1eddng;<\/p>\r\n<p>d. \u0111\u1ec3 th\u1ef1c thi c\u00e1c \u0110i\u1ec1u Kho\u1ea3n D\u1ecbch V\u1ee5 c\u1ee7a ch\u00fang t\u00f4i<\/p>\r\n<p>e. \u0111\u1ec3 b\u1ea3o v\u1ec7 s\u1ef1 an to\u00e0n c\u00e1 nh\u00e2n v\u00e0 c\u00e1c quy\u1ec1n, t\u00e0i s\u1ea3n ho\u1eb7c s\u1ef1 an to\u00e0n c\u1ee7a ng\u01b0\u1eddi kh\u00e1c;<\/p>\r\n<p>f. \u0111\u1ec3 nh\u1eadn d\u1ea1ng v\u00e0\/ho\u1eb7c x\u00e1c minh;<\/p>\r\n<p>g. \u0111\u1ec3 gi\u1ea3i quy\u1ebft ho\u1eb7c t\u1ea1o \u0111i\u1ec1u ki\u1ec7n d\u1ecbch v\u1ee5 kh\u00e1ch h\u00e0ng, th\u1ef1c hi\u1ec7n c\u00e1c khi\u1ebfu n\u1ea1i c\u1ee7a b\u1ea1n, gi\u1ea3i quy\u1ebft ho\u1eb7c tr\u1ea3 l\u1eddi b\u1ea5t k\u1ef3 th\u1eafc m\u1eafc n\u00e0o \u0111\u01b0\u1ee3c g\u1eedi b\u1edfi (ho\u1eb7c nh\u1eb1m \u0111\u01b0\u1ee3c g\u1eedi b\u1edfi) b\u1ea1n ho\u1eb7c thay m\u1eb7t b\u1ea1n;<\/p>\r\n<p>h. \u0111\u1ec3 li\u00ean h\u1ec7 v\u1edbi b\u1ea1n ho\u1eb7c li\u00ean l\u1ea1c v\u1edbi b\u1ea1n qua \u0111i\u1ec7n tho\u1ea1i, tin nh\u1eafn v\u0103n b\u1ea3n, email nh\u1eb1m m\u1ee5c \u0111\u00edch qu\u1ea3n tr\u1ecb quan h\u1ec7 c\u1ee7a b\u1ea1n v\u1edbi ch\u00fang t\u00f4i<\/p>\r\n<p>i. \u0111\u1ec3 g\u1eedi th\u00f4ng b\u00e1o t\u1edbi b\u1ea1n qua tr\u00ecnh duy\u1ec7t ho\u1eb7c qua \u1ee9ng d\u1ee5ng Edu Trade tr\u00ean \u0111i\u1ec7n tho\u1ea1i ;<\/p>\r\n<p>j. \u0111\u1ec3 ti\u1ebfn h\u00e0nh c\u00e1c ho\u1ea1t \u0111\u1ed9ng nghi\u00ean c\u1ee9u, ph\u00e2n t\u00edch v\u00e0 ph\u00e1t tri\u1ec3n (bao g\u1ed3m, nh\u01b0ng kh\u00f4ng gi\u1edbi h\u1ea1n \u1edf, ph\u00e2n t\u00edch d\u1eef li\u1ec7u, kh\u1ea3o s\u00e1t, ph\u00e1t tri\u1ec3n v\u00e0\/ho\u1eb7c l\u1eadp \u0111\u1eb7c t\u00ednh s\u1ea3n ph\u1ea9m v\u00e0 d\u1ecbch v\u1ee5), \u0111\u1ec3 ph\u00e2n t\u00edch c\u00e1ch th\u1ee9c b\u1ea1n s\u1eed d\u1ee5ng C\u00e1c D\u1ecbch V\u1ee5 c\u1ee7a ch\u00fang t\u00f4i, \u0111\u1ec3 c\u1ea3i thi\u1ec7n C\u00e1c D\u1ecbch V\u1ee5 ho\u1eb7c s\u1ea3n ph\u1ea9m c\u1ee7a ch\u00fang t\u00f4i v\u00e0\/ho\u1eb7c \u0111\u1ec3 c\u1ea3i thi\u1ec7n tr\u1ea3i nghi\u1ec7m kh\u00e1ch h\u00e0ng c\u1ee7a b\u1ea1n<\/p>\r\n<p>k. v\u00ec m\u1ee5c \u0111\u00edch ti\u1ebfp th\u1ecb, g\u1eedi cho b\u1ea1n qua email, th\u00f4ng tin v\u00e0 t\u00e0i li\u1ec7u ti\u1ebfp th\u1ecb v\u00e0 qu\u1ea3ng b\u00e1 li\u00ean quan \u0111\u1ebfn c\u00e1c s\u1ea3n ph\u1ea9m v\u00e0\/ho\u1eb7c d\u1ecbch v\u1ee5. B\u1ea1n c\u00f3 th\u1ec3 h\u1ee7y \u0111\u0103ng k\u00fd nh\u1eadn c\u00e1c th\u00f4ng tin ti\u1ebfp th\u1ecb t\u1ea1i b\u1ea5t c\u1ee9 th\u1eddi \u0111i\u1ec3m n\u00e0o b\u1eb1ng c\u00e1ch s\u1eed d\u1ee5ng ch\u1ee9c n\u0103ng h\u1ee7y \u0111\u0103ng k\u00fd email.<\/p>\r\n<p>l. \u0111\u1ec3 ng\u0103n ch\u1eb7n ho\u1eb7c \u0111i\u1ec1u tra b\u1ea5t k\u1ef3 ho\u1ea1t \u0111\u1ed9ng gian l\u1eadn, phi ph\u00e1p, thi\u1ebfu s\u00f3t hay h\u00e0nh vi sai tr\u00e1i n\u00e0o, cho d\u00f9 c\u00f3 li\u00ean quan \u0111\u1ebfn vi\u1ec7c b\u1ea1n s\u1eed d\u1ee5ng C\u00e1c D\u1ecbch V\u1ee5 c\u1ee7a ch\u00fang t\u00f4i.<\/p>\r\n<p>&nbsp;<\/p>\r\n<h3>3. B\u1ea3o m\u1eadt<\/h3>\r\n<p>B\u1ea3o m\u1eadt th\u00f4ng tin c\u00e1 nh\u00e2n c\u1ee7a b\u1ea1n l\u00e0 r\u1ea5t quan tr\u1ecdng v\u1edbi ch\u00fang t\u00f4i. C\u00e1c th\u00f4ng \u0111\u0103ng k\u00fd mua h\u00e0ng c\u1ee7a b\u1ea1n s\u1ebd \u0111\u01b0\u1ee3c b\u1ea3o m\u1eadt b\u1eb1ng c\u00e1ch s\u1eed d\u1ee5ng c\u00f4ng ngh\u1ec7 m\u00e3 h\u00f3a an to\u00e0n SSL &#8211; Secure Sockets Layer. Kh\u00f4ng c\u00f3 ph\u01b0\u01a1ng ph\u00e1p truy\u1ec1n qua Internet, ho\u1eb7c ph\u01b0\u01a1ng ph\u00e1p l\u01b0u tr\u1eef \u0111i\u1ec7n t\u1eed, l\u00e0 100% an to\u00e0n. V\u00ec v\u1eady, trong khi ch\u00fang t\u00f4i c\u1ed1 g\u1eafng s\u1eed d\u1ee5ng ph\u01b0\u01a1ng ti\u1ec7n m\u00e3 h\u00f3a an to\u00e0n \u0111\u1ec3 b\u1ea3o v\u1ec7 th\u00f4ng tin c\u00e1 nh\u00e2n c\u1ee7a b\u1ea1n, ch\u00fang t\u00f4i kh\u00f4ng th\u1ec3 \u0111\u1ea3m b\u1ea3o an ninh tuy\u1ec7t \u0111\u1ed1i. N\u1ebfu b\u1ea1n c\u00f3 b\u1ea5t k\u1ef3 c\u00e2u h\u1ecfi v\u1ec1 b\u1ea3o m\u1eadt tr\u00ean trang web c\u1ee7a ch\u00fang t\u00f4i, b\u1ea1n c\u00f3 th\u1ec3 g\u1eedi email cho ch\u00fang t\u00f4i t\u1ea1i hotline@edutrade.vn<\/p>\r\n<p>&nbsp;<\/p>\r\n<h3>4. Cookies v\u00e0 c\u00f4ng ngh\u1ec7 ph\u00e2n t\u00edch d\u1eef li\u1ec7u kh\u00e1c<\/h3>\r\n<p>Cookies l\u00e0 m\u1ed9t l\u01b0\u1ee3ng nh\u1ecf d\u1eef li\u1ec7u, \u0111\u01b0\u1ee3c g\u1eedi t\u1edbi tr\u00ecnh duy\u1ec7t c\u1ee7a b\u1ea1n t\u1eeb m\u1ed9t trang web v\u00e0 \u0111\u01b0\u1ee3c l\u01b0u tr\u1eef tr\u00ean \u1ed5 \u0111\u0129a c\u1ee9ng c\u1ee7a m\u00e1y t\u00ednh. Cookies cho ph\u00e9p trang web ho\u1eb7c h\u1ec7 th\u1ed1ng c\u1ee7a c\u00e1c b\u00ean cung c\u1ea5p d\u1ecbch v\u1ee5 nh\u1eadn di\u1ec7n tr\u00ecnh duy\u1ec7t c\u1ee7a b\u1ea1n v\u00e0 l\u01b0u l\u1ea1i m\u1ed9t s\u1ed1 th\u00f4ng tin nh\u1ea5t \u0111\u1ecbnh. Ch\u00fang t\u00f4i d\u00f9ng cookies \u0111\u1ec3 hi\u1ec3u v\u00e0 l\u01b0u tr\u1eef ho\u1ea1t \u0111\u1ed9ng c\u1ee7a b\u1ea1n v\u00e0 \u0111\u00e1p \u1ee9ng c\u00e1c nhu c\u1ea7u c\u1ee7a b\u1ea1n t\u1ed1t h\u01a1n cho l\u1ea7n truy c\u1eadp sau.<\/p>\r\n<p>Ch\u00fang t\u00f4i s\u1eed d\u1ee5ng Google Analytics nh\u01b0 \u0111\u01b0\u1ee3c m\u00f4 t\u1ea3 trong &#8220;\u201cC\u00e1ch Google s\u1eed d\u1ee5ng d\u1eef li\u1ec7u khi b\u1ea1n s\u1eed d\u1ee5ng trang web ho\u1eb7c \u1ee9ng d\u1ee5ng c\u1ee7a c\u00e1c \u0111\u1ed1i t\u00e1c c\u1ee7a ch\u00fang t\u00f4i\u201d. B\u1ea1n c\u00f3 th\u1ec3 ng\u0103n ch\u1eb7n d\u1eef li\u1ec7u c\u1ee7a b\u1ea1n kh\u00f4ng cho Google Analytics s\u1eed d\u1ee5ng tr\u00ean trang web b\u1eb1ng c\u00e1ch c\u00e0i \u0111\u1eb7t tr\u00ecnh b\u1ed5 sung tr\u00ecnh duy\u1ec7t kh\u00f4ng tham gia Google Analytics t\u1ea1i \u0111\u00e2y. Ch\u00fang t\u00f4i c\u0169ng s\u1eed d\u1ee5ng che d\u1ea5u \u0111\u1ecba ch\u1ec9 IP, m\u1ed9t k\u1ef9 thu\u1eadt \u0111\u01b0\u1ee3c s\u1eed d\u1ee5ng \u0111\u1ec3 ch\u1eb7n c\u00e1c \u0111\u1ecba ch\u1ec9 IP \u0111\u01b0\u1ee3c thu th\u1eadp b\u1edfi Google Analytics v\u00e0 l\u01b0u tr\u1eef ch\u00fang d\u01b0\u1edbi d\u1ea1ng vi\u1ebft t\u1eaft \u0111\u1ec3 ng\u0103n ch\u1eb7n b\u1ecb truy t\u00ecm l\u1ea1i v\u1edbi ng\u01b0\u1eddi d\u00f9ng c\u00e1 nh\u00e2n. M\u1ed9t s\u1ed1 trang web c\u1ee7a ch\u00fang t\u00f4i c\u0169ng c\u00f3 th\u1ec3 s\u1eed d\u1ee5ng Google Analytics cho Nh\u00e0 qu\u1ea3ng c\u00e1o Hi\u1ec3n th\u1ecb H\u00ecnh \u1ea3nh bao g\u1ed3m DoubleClick ho\u1eb7c Ti\u1ebfp th\u1ecb l\u1ea1i \u0111\u1ed9ng cung c\u1ea5p qu\u1ea3ng c\u00e1o d\u1ef1a tr\u00ean s\u1edf th\u00edch d\u1ef1a tr\u00ean l\u01b0\u1ee3t truy c\u1eadp c\u1ee7a b\u1ea1n v\u00e0o trang web n\u00e0y ho\u1eb7c c\u00e1c trang web kh\u00e1c. B\u1ea1n c\u00f3 th\u1ec3 s\u1eed d\u1ee5ng C\u00e0i \u0111\u1eb7t Qu\u1ea3ng c\u00e1o \u0111\u1ec3 qu\u1ea3n l\u00fd qu\u1ea3ng c\u00e1o Google m\u00e0 b\u1ea1n nh\u00ecn th\u1ea5y v\u00e0 ch\u1ecdn kh\u00f4ng tham gia qu\u1ea3ng c\u00e1o d\u1ef1a tr\u00ean s\u1edf th\u00edch.<\/p>\r\n<p>&nbsp;<\/p>\r\n<h3>5. Ch\u00fang t\u00f4i c\u00f3 cung c\u1ea5p th\u00f4ng tin cho b\u00ean kh\u00e1c kh\u00f4ng?<\/h3>\r\n<p>Ch\u00fang t\u00f4i kh\u00f4ng b\u00e1n, trao \u0111\u1ed5i, ho\u1eb7c s\u1eed d\u1ee5ng c\u00e1c h\u00ecnh th\u1ee9c th\u01b0\u01a1ng m\u1ea1i kh\u00e1c v\u1edbi nh\u1eefng th\u00f4ng tin c\u00e1 nh\u00e2n c\u1ee7a b\u1ea1n. Tuy nhi\u00ean, th\u00f4ng tin kh\u00f4ng \u0111\u1ecbnh danh c\u1ee7a nh\u1eefng ng\u01b0\u1eddi truy c\u1eadp v\u00e0o trang web c\u00f3 th\u1ec3 \u0111\u01b0\u1ee3c s\u1eed d\u1ee5ng v\u00e0 cung c\u1ea5p cho c\u00e1c b\u00ean kh\u00e1c nh\u1eb1m m\u1ee5c \u0111\u00edch marketing, qu\u1ea3ng c\u00e1o ho\u1eb7c m\u1ee5c \u0111\u00edch s\u1eed d\u1ee5ng kh\u00e1c.<\/p>\r\n<p>&nbsp;<\/p>\r\n<h3>6. Truy c\u1eadp, c\u1eadp nh\u1eadt v\u00e0 x\u00f3a d\u1eef li\u1ec7u c\u00e1 nh\u00e2n c\u1ee7a b\u1ea1n<\/h3>\r\n<p>B\u1ea1n c\u00f3 th\u1ec3 truy c\u1eadp v\u00e0 c\u1eadp nh\u1eadt d\u1eef li\u1ec7u c\u00e1 nh\u00e2n m\u00e0 Edu Trade thu th\u1eadp v\u00e0 l\u01b0u gi\u1eef c\u1ee7a b\u1ea1n theo c\u00e1ch sau \u0111\u00e2y:<\/p>\r\n<p>\u0110\u1ec3 c\u1eadp nh\u1eadt d\u1eef li\u1ec7u m\u00e0 b\u1ea1n tr\u1ef1c ti\u1ebfp cung c\u1ea5p, h\u00e3y \u0111\u0103ng nh\u1eadp v\u00e0o t\u00e0i kho\u1ea3n c\u1ee7a b\u1ea1n v\u00e0 c\u1eadp nh\u1eadt t\u00e0i kho\u1ea3n b\u1ea5t k\u1ef3 l\u00fac n\u00e0o.<br \/>\u0110\u1ec3 ch\u1ea5m d\u1ee9t t\u00e0i kho\u1ea3n c\u1ee7a b\u1ea1n:<br \/>&#8211; H\u00e3y truy c\u1eadp trang c\u00e0i \u0111\u1eb7t h\u1ed3 s\u01a1 c\u1ee7a b\u1ea1n v\u00e0 l\u00e0m theo c\u00e1c b\u01b0\u1edbc \u0111\u01b0\u1ee3c n\u00eau r\u00f5 \u1edf \u0111\u00e2y.<\/p>\r\n<p>&#8211; N\u1ebfu b\u1ea1n g\u1eb7p kh\u00f3 kh\u0103n trong vi\u1ec7c ch\u1ea5m d\u1ee9t t\u00e0i kho\u1ea3n, vui l\u00f2ng li\u00ean h\u1ec7 v\u1edbi Hotline <strong>0866 212 677<\/strong> c\u1ee7a ch\u00fang t\u00f4i.<\/p>\r\n<p>&#8211; Xin l\u01b0u \u00fd: ngay c\u1ea3 sau khi t\u00e0i kho\u1ea3n c\u1ee7a b\u1ea1n b\u1ecb ch\u1ea5m d\u1ee9t, m\u1ed9t s\u1ed1 ho\u1eb7c t\u1ea5t c\u1ea3 d\u1eef li\u1ec7u c\u1ee7a b\u1ea1n v\u1eabn c\u00f3 th\u1ec3 hi\u1ec3n th\u1ecb cho nh\u1eefng ng\u01b0\u1eddi kh\u00e1c, bao g\u1ed3m nh\u01b0ng kh\u00f4ng gi\u1edbi h\u1ea1n \u1edf b\u1ea5t k\u1ef3 d\u1eef li\u1ec7u n\u00e0o \u0111\u00e3 \u0111\u01b0\u1ee3c (a) sao ch\u00e9p, l\u01b0u tr\u1eef ho\u1eb7c ph\u1ed5 bi\u1ebfn b\u1edfi nh\u1eefng ng\u01b0\u1eddi d\u00f9ng kh\u00e1c (bao g\u1ed3m c\u1ea3 b\u00ecnh lu\u1eadn tr\u00ean n\u1ed9i dung); (b) \u0111\u01b0\u1ee3c b\u1ea1n ho\u1eb7c nh\u1eefng ng\u01b0\u1eddi kh\u00e1c chia s\u1ebb ho\u1eb7c ph\u1ed5 bi\u1ebfn (k\u1ec3 c\u1ea3 trong n\u1ed9i dung \u0111\u01b0\u1ee3c chia s\u1ebb c\u1ee7a b\u1ea1n); ho\u1eb7c (c) \u0111\u01b0\u1ee3c \u0111\u0103ng l\u00ean n\u1ec1n t\u1ea3ng c\u1ee7a b\u00ean th\u1ee9 ba. Ngay c\u1ea3 sau khi t\u00e0i kho\u1ea3n c\u1ee7a b\u1ea1n b\u1ecb ch\u1ea5m d\u1ee9t, ch\u00fang t\u00f4i v\u1eabn l\u01b0u gi\u1eef d\u1eef li\u1ec7u c\u1ee7a b\u1ea1n trong kho\u1ea3ng th\u1eddi gian ch\u00fang t\u00f4i c\u00f3 m\u1ee5c \u0111\u00edch h\u1ee3p ph\u00e1p \u0111\u1ec3 l\u00e0m nh\u01b0 v\u1eady (v\u00e0 ph\u00f9 h\u1ee3p v\u1edbi lu\u1eadt hi\u1ec7n h\u00e0nh), bao g\u1ed3m h\u1ed7 tr\u1ee3 vi\u1ec7c th\u1ef1c hi\u1ec7n c\u00e1c ngh\u0129a v\u1ee5 ph\u00e1p l\u00fd, gi\u1ea3i quy\u1ebft tranh ch\u1ea5p v\u00e0 th\u1ef1c thi c\u00e1c th\u1ecfa thu\u1eadn c\u1ee7a ch\u00fang t\u00f4i. Ch\u00fang t\u00f4i c\u00f3 th\u1ec3 gi\u1eef l\u1ea1i v\u00e0 ti\u1ebft l\u1ed9 d\u1eef li\u1ec7u \u0111\u00f3 theo Ch\u00ednh s\u00e1ch v\u1ec1 quy\u1ec1n ri\u00eang t\u01b0 n\u00e0y sau khi t\u00e0i kho\u1ea3n c\u1ee7a b\u1ea1n b\u1ecb ch\u1ea5m d\u1ee9t.<\/p>\r\n<p>&#8211; \u0110\u1ec3 y\u00eau c\u1ea7u truy c\u1eadp, ch\u1ec9nh s\u1eeda ho\u1eb7c x\u00f3a d\u1eef li\u1ec7u c\u00e1 nh\u00e2n c\u1ee7a b\u1ea1n, vui l\u00f2ng s\u1eed d\u1ee5ng bi\u1ec3u m\u1eabu tr\u1ef1c tuy\u1ebfn c\u1ee7a ch\u00fang t\u00f4i t\u1ea1i \u0111\u00e2y. B\u1ea1n c\u0169ng c\u00f3 th\u1ec3 g\u1eedi c\u00e1c y\u00eau c\u1ea7u n\u00e0y b\u1eb1ng c\u00e1ch g\u1eedi email \u0111\u1ebfn \u0111\u1ecba ch\u1ec9 <strong>hotline@edutrade.vn<\/strong> ho\u1eb7c g\u1eedi th\u01b0 cho ch\u00fang t\u00f4i theo \u0111\u1ecba ch\u1ec9 84-86 Nguy\u1ec5n Tr\u01b0\u1eddng T\u1ed9, Ph\u01b0\u1eddng. 13, Qu\u1eadn 4, Tp H\u1ed3 Ch\u00ed Minh. Vui l\u00f2ng ki\u00ean nh\u1eabn ch\u1edd t\u1ed1i \u0111a 30 ng\u00e0y \u0111\u1ec3 nh\u1eadn \u0111\u01b0\u1ee3c ph\u1ea3n h\u1ed3i. \u0110\u1ec3 b\u1ea3o v\u1ec7 cho b\u1ea1n, ch\u00fang t\u00f4i c\u00f3 th\u1ec3 y\u00eau c\u1ea7u b\u1ea1n g\u1eedi y\u00eau c\u1ea7u qua \u0111\u1ecba ch\u1ec9 email \u0111\u01b0\u1ee3c li\u00ean k\u1ebft v\u1edbi t\u00e0i kho\u1ea3n c\u1ee7a b\u1ea1n v\u00e0 ch\u00fang t\u00f4i c\u00f3 th\u1ec3 c\u1ea7n x\u00e1c minh danh t\u00ednh c\u1ee7a b\u1ea1n tr\u01b0\u1edbc khi th\u1ef1c hi\u1ec7n y\u00eau c\u1ea7u. Xin l\u01b0u \u00fd r\u1eb1ng ch\u00fang t\u00f4i gi\u1eef l\u1ea1i m\u1ed9t s\u1ed1 d\u1eef li\u1ec7u nh\u1ea5t \u0111\u1ecbnh khi c\u00f3 c\u0103n c\u1ee9 ph\u00e1p l\u00fd \u0111\u1ec3 l\u00e0m nh\u01b0 v\u1eady, bao g\u1ed3m c\u1ea3 vi\u1ec7c l\u01b0u gi\u1eef h\u1ed3 s\u01a1 b\u1eaft bu\u1ed9c v\u00e0 \u0111\u1ec3 ho\u00e0n t\u1ea5t c\u00e1c giao d\u1ecbch.<\/p>\r\n<h3>7. N\u1ebfu b\u1ea1n c\u00f3 th\u1eafc m\u1eafc, h\u00e3y li\u00ean h\u1ec7 v\u1edbi ch\u00fang t\u00f4i<\/h3>\r\n<p>G\u1eedi email t\u1edbi <strong><em>hotline@edutrade.vn<\/em><\/strong><\/p>\r\n<p>\u0110\u1ecba ch\u1ec9 li\u00ean h\u1ec7: C\u00f4ng ty c\u1ed5 ph\u1ea7n Edu Trade, 84-86 Nguy\u1ec5n Tr\u01b0\u1eddng T\u1ed9, Ph\u01b0\u1eddng. 13, Qu\u1eadn 4, Tp H\u1ed3 Ch\u00ed Minh<\/p>","protected":false},"excerpt":{"rendered":"<p>CH\u00cdNH S\u00c1CH V\u1ec0 QUY\u1ec0N RI\u00caNG T\u01af 1. Ch\u00fang t\u00f4i thu th\u1eadp nh\u1eefng th\u00f4ng tin g\u00ec? Ch\u00fang t\u00f4i thu nh\u1eadp th\u00f4ng tin t\u1eeb b\u1ea1n khi b\u1ea1n \u0111\u0103ng k\u00fd tr\u00ean trang web c\u1ee7a ch\u00fang t\u00f4i. D\u1eef li\u1ec7u c\u00e1 nh\u00e2n m\u00e0 Edu Trade c\u00f3 th\u1ec3 thu th\u1eadp bao g\u1ed3m, nh\u01b0ng kh\u00f4ng gi\u1edbi h\u1ea1n: a. h\u1ecd t\u00ean; b. \u0111\u1ecba [&hellip;]<\/p>","protected":false},"author":1,"featured_media":0,"parent":0,"menu_order":36,"comment_status":"closed","ping_status":"closed","template":"","meta":{"_acf_changed":false,"jnews_page_loop":{"first_title":"Latest Post","header_type":"heading_6","layout":"right-sidebar","sidebar":"default-sidebar","second_sidebar":"default-sidebar","sticky_sidebar":"1","module":"3","main_custom_image_size":"default","second_custom_image_size":"default","excerpt_length":"20","content_date":"default","date_custom":"Y\/m\/d","content_pagination":"nav_1","pagination_align":"center","post_sticky":"0","post_offset":"0","posts_per_page":"5","sort_by":"latest"},"jnews_single_page":{"layout":"no-sidebar","sidebar":"default-sidebar","second_sidebar":"default-sidebar","sticky_sidebar":"1","show_post_title":"0","show_post_breadcrumbs":"1","show_post_featured":"1","share_position":"top","share_color":"share-monocrhome"},"footnotes":""},"class_list":["post-3","page","type-page","status-publish","hentry"],"acf":[],"_links":{"self":[{"href":"https:\/\/edutrade.vn\/en\/wp-json\/wp\/v2\/pages\/3","targetHints":{"allow":["GET"]}}],"collection":[{"href":"https:\/\/edutrade.vn\/en\/wp-json\/wp\/v2\/pages"}],"about":[{"href":"https:\/\/edutrade.vn\/en\/wp-json\/wp\/v2\/types\/page"}],"author":[{"embeddable":true,"href":"https:\/\/edutrade.vn\/en\/wp-json\/wp\/v2\/users\/1"}],"replies":[{"embeddable":true,"href":"https:\/\/edutrade.vn\/en\/wp-json\/wp\/v2\/comments?post=3"}],"version-history":[{"count":0,"href":"https:\/\/edutrade.vn\/en\/wp-json\/wp\/v2\/pages\/3\/revisions"}],"wp:attachment":[{"href":"https:\/\/edutrade.vn\/en\/wp-json\/wp\/v2\/media?parent=3"}],"curies":[{"name":"wp","href":"https:\/\/api.w.org\/{rel}","templated":true}]}}